{"id":4606,"date":"2023-07-21T23:11:24","date_gmt":"2023-07-21T23:11:24","guid":{"rendered":"https:\/\/homebyvm.com\/produktas\/materac-na-krzeslo-45-cm-x-120-cm\/"},"modified":"2024-12-23T13:33:03","modified_gmt":"2024-12-23T13:33:03","slug":"materac-na-krzeslo-45-cm-x-120-cm","status":"publish","type":"product","link":"https:\/\/homebyvm.com\/lt\/produktas\/materac-na-krzeslo-45-cm-x-120-cm\/","title":{"rendered":"K\u0117d\u0117s \u010diu\u017einys 45 cm x 120 cm"},"content":{"rendered":"<p>Pristatome nauj\u0105 k\u0117d\u017ei\u0173 \u010diu\u017ein\u012f. Tai idealus pasirinkimas, jei jums reikia originalaus ir universalaus aksesuaro. Idealiai tinka m\u0117gautis geriausiomis poilsio akimirkomis terasoje, poilsio zonoje ar sode.<br \/>\nSodo audinys turi b\u016bti atsparus \u012fvairioms oro s\u0105lygoms. Nuo kaitrios saul\u0117s ir v\u0117jo iki lietaus ir \u0161al\u010dio. Kanaria audinys turi visus b\u016btinus patvirtinimus, \u012frodan\u010dius jo kokyb\u0119. \u010ciu\u017einys yra keli\u0173 spalv\u0173 - pasirinkite t\u0105, kuri labiausiai traukia ak\u012f!<\/p>\n<p>Med\u017eiagos savyb\u0117s:<\/p>","protected":false},"excerpt":{"rendered":"<p>Przedstawiamy Pa\u0144stwu nasz nowy materac na krzes\u0142o. Jest to idealny wyb\u00f3r, je\u015bli potrzebujesz oryginalnego i wszechstronnego dodatku. Idealna, aby cieszy\u0107 sie najlepszymi chwilami relaksu na tarasie, w strefie chill out lub w ogrodzie. Tkanina ogrodowa musi by\u0107 odporna na r\u00f3\u017cne warunki atmosferyczne. Od upalnego s\u0142o\u0144ca, przez wiatr, a\u017c po deszcz i mr\u00f3z. Tkanina Kanaria posiada [&hellip;]<\/p>\n","protected":false},"featured_media":1875,"comment_status":"closed","ping_status":"open","template":"","meta":{"_kad_blocks_custom_css":"","_kad_blocks_head_custom_js":"","_kad_blocks_body_custom_js":"","_kad_blocks_footer_custom_js":""},"product_brand":[],"product_cat":[46],"product_tag":[],"class_list":{"0":"post-4606","1":"product","2":"type-product","3":"status-publish","4":"has-post-thumbnail","6":"product_cat-dodatki","7":"wcpa_has_options","9":"first","10":"instock","11":"purchasable","12":"product-type-simple"},"taxonomy_info":{"product_cat":[{"value":46,"label":"Dodatki"}]},"featured_image_src_large":["https:\/\/homebyvm.com\/wp-content\/uploads\/2023\/05\/export-989-1024x1024.jpg",1024,1024,true],"author_info":[],"comment_info":0,"_links":{"self":[{"href":"https:\/\/homebyvm.com\/lt\/wp-json\/wp\/v2\/product\/4606","targetHints":{"allow":["GET"]}}],"collection":[{"href":"https:\/\/homebyvm.com\/lt\/wp-json\/wp\/v2\/product"}],"about":[{"href":"https:\/\/homebyvm.com\/lt\/wp-json\/wp\/v2\/types\/product"}],"replies":[{"embeddable":true,"href":"https:\/\/homebyvm.com\/lt\/wp-json\/wp\/v2\/comments?post=4606"}],"wp:featuredmedia":[{"embeddable":true,"href":"https:\/\/homebyvm.com\/lt\/wp-json\/wp\/v2\/media\/1875"}],"wp:attachment":[{"href":"https:\/\/homebyvm.com\/lt\/wp-json\/wp\/v2\/media?parent=4606"}],"wp:term":[{"taxonomy":"product_brand","embeddable":true,"href":"https:\/\/homebyvm.com\/lt\/wp-json\/wp\/v2\/product_brand?post=4606"},{"taxonomy":"product_cat","embeddable":true,"href":"https:\/\/homebyvm.com\/lt\/wp-json\/wp\/v2\/product_cat?post=4606"},{"taxonomy":"product_tag","embeddable":true,"href":"https:\/\/homebyvm.com\/lt\/wp-json\/wp\/v2\/product_tag?post=4606"}],"curies":[{"name":"wp","href":"https:\/\/api.w.org\/{rel}","templated":true}]}}