{"id":4607,"date":"2023-07-21T23:11:24","date_gmt":"2023-07-21T23:11:24","guid":{"rendered":"https:\/\/homebyvm.com\/produktas\/materac-58-cm-x-68-cm\/"},"modified":"2024-12-23T13:33:03","modified_gmt":"2024-12-23T13:33:03","slug":"materac-58-cm-x-68-cm","status":"publish","type":"product","link":"https:\/\/homebyvm.com\/lt\/produktas\/materac-58-cm-x-68-cm\/","title":{"rendered":"\u010ciu\u017einys 58 cm x 68 cm"},"content":{"rendered":"<p>Paprastos formos \u010diu\u017einys pagalv\u0117l\u0117 su puikiai pritaikytu u\u017evalkalu, pagamintu i\u0161 auk\u0161tos kokyb\u0117s lauko audinio. Sodo audinys turi b\u016bti atsparus \u012fvairioms oro s\u0105lygoms. Nuo kaitrios saul\u0117s ir v\u0117jo iki lietaus ir \u0161al\u010dio. Kanaria audinys turi visus reikiamus patvirtinimus, \u012frodan\u010dius jo kokyb\u0119.<br \/>\nViduje yra mink\u0161t\u0173j\u0173 put\u0173 \u012fd\u0117klas, tod\u0117l u\u017evalkalas puikiai priglunda ir nesusitraukia ant put\u0173. U\u017evalkalas turi tvirt\u0105 mink\u0161tasuolio u\u017etrauktuk\u0105, kur\u012f galima nuimti ir skalbti. \u010ciu\u017ein\u012f galime naudoti ir kaip suoliuk\u0105, d\u0117\u017e\u0119 ar murfi s\u0117dyn\u0119, ir kaip eleganti\u0161k\u0105 atlo\u0161\u0105.<\/p>\n<p>Med\u017eiagos savyb\u0117s:<\/p>","protected":false},"excerpt":{"rendered":"<p>Prosty w formie materac &#8211; poduszka z doskonale skrojonym na miar\u0119 pokrowcem z wysokiej jako\u015bci tkaninie outdoorowej. Tkanina ogrodowa musi by\u0107 odporna na r\u00f3\u017cne warunki atmosferyczne. Od upalnego s\u0142o\u0144ca, przez wiatr, a\u017c po deszcz i mr\u00f3z. Tkanina Kanaria posiada wszystkie niezb\u0119dne atesty potwierdzaj\u0105ce jej jako\u015b\u0107. Wewn\u0105trz znajduje si\u0119 wk\u0142ad z pianki tapicerskiej dzi\u0119ki czemu pokrowiec [&hellip;]<\/p>\n","protected":false},"featured_media":1878,"comment_status":"closed","ping_status":"open","template":"","meta":{"_kad_blocks_custom_css":"","_kad_blocks_head_custom_js":"","_kad_blocks_body_custom_js":"","_kad_blocks_footer_custom_js":""},"product_brand":[],"product_cat":[46],"product_tag":[],"class_list":{"0":"post-4607","1":"product","2":"type-product","3":"status-publish","4":"has-post-thumbnail","6":"product_cat-dodatki","7":"wcpa_has_options","9":"first","10":"instock","11":"purchasable","12":"product-type-simple"},"taxonomy_info":{"product_cat":[{"value":46,"label":"Dodatki"}]},"featured_image_src_large":["https:\/\/homebyvm.com\/wp-content\/uploads\/2023\/05\/export-992-1024x1024.jpg",1024,1024,true],"author_info":[],"comment_info":0,"_links":{"self":[{"href":"https:\/\/homebyvm.com\/lt\/wp-json\/wp\/v2\/product\/4607","targetHints":{"allow":["GET"]}}],"collection":[{"href":"https:\/\/homebyvm.com\/lt\/wp-json\/wp\/v2\/product"}],"about":[{"href":"https:\/\/homebyvm.com\/lt\/wp-json\/wp\/v2\/types\/product"}],"replies":[{"embeddable":true,"href":"https:\/\/homebyvm.com\/lt\/wp-json\/wp\/v2\/comments?post=4607"}],"wp:featuredmedia":[{"embeddable":true,"href":"https:\/\/homebyvm.com\/lt\/wp-json\/wp\/v2\/media\/1878"}],"wp:attachment":[{"href":"https:\/\/homebyvm.com\/lt\/wp-json\/wp\/v2\/media?parent=4607"}],"wp:term":[{"taxonomy":"product_brand","embeddable":true,"href":"https:\/\/homebyvm.com\/lt\/wp-json\/wp\/v2\/product_brand?post=4607"},{"taxonomy":"product_cat","embeddable":true,"href":"https:\/\/homebyvm.com\/lt\/wp-json\/wp\/v2\/product_cat?post=4607"},{"taxonomy":"product_tag","embeddable":true,"href":"https:\/\/homebyvm.com\/lt\/wp-json\/wp\/v2\/product_tag?post=4607"}],"curies":[{"name":"wp","href":"https:\/\/api.w.org\/{rel}","templated":true}]}}