{"id":4608,"date":"2023-07-21T23:11:24","date_gmt":"2023-07-21T23:11:24","guid":{"rendered":"https:\/\/homebyvm.com\/produktas\/granulat-500-litrow\/"},"modified":"2024-12-23T13:33:04","modified_gmt":"2024-12-23T13:33:04","slug":"granulat-500-litrow","status":"publish","type":"product","link":"https:\/\/homebyvm.com\/lt\/produktas\/granulat-500-litrow\/","title":{"rendered":"500 litr\u0173 granuli\u0173"},"content":{"rendered":"<p>500 litr\u0173 granuli\u0173<br \/>\nSi\u016blome \u012fsigyti auk\u0161tos kokyb\u0117s polistireno granuli\u0173, skirt\u0173 poilsio baldams u\u017epildyti. B\u016btent d\u0117l jo m\u016bs\u0173 gaminiai yra tokie patog\u016bs, mink\u0161ti ir lankst\u016bs, juos galima laisvai formuoti. Granul\u0117s parduodamos \u012fvairios talpos mai\u0161ais. Juo galima u\u017epildyti galvos atlo\u0161us, pagalv\u0117les, pufus ir pufus. Su juo j\u016bs\u0173 baldai atgaus savo savybes.<br \/>\nGranul\u0117s yra labai smulk\u016bs polistireno rutuliukai, kuri\u0173 dydis \u0161iek tiek skiriasi. \u0160i med\u017eiaga, kuri da\u017eniausiai naudojama bald\u0173 pramon\u0117je, yra labai lengva. Ji leid\u017eia baldams be karkaso \u012fgyti ne\u012fprast\u0173, plasti\u0161k\u0173 savybi\u0173. D\u0117l granuli\u0173 jie yra pritaikomi, tvirti, itin atspar\u016bs ir lengvai judantys. Be to, jos puikiai izoliuoja nuo \u0161alt\u0173 grind\u0173. M\u016bs\u0173 gaminiuose naudojama granul\u0117 buvo patikrinta, kad atitikt\u0173 auk\u0161\u010diausius kokyb\u0117s standartus. Verta pa\u017eym\u0117ti, kad nenaudojame regranulato - med\u017eiagos, pagamintos i\u0161 atliek\u0173.<\/p>","protected":false},"excerpt":{"rendered":"<p>Granulat 500 litr\u00f3w Proponujemy zakup wysokiej jako\u015bci styropianowego granulatu meblarskiego s\u0142u\u017c\u0105cego do wype\u0142niania mebli relaksacyjnych. To dzi\u0119ki niemu nasze produkty s\u0105 tak wygodne, mi\u0119kkie i elastyczne oraz daj\u0105 si\u0119 swobodnie kszta\u0142towa\u0107. Granulat sprzedawany jest w workach o r\u00f3\u017cnej pojemno\u015bci. Mo\u017ce pos\u0142u\u017cy\u0107 do uzupe\u0142nienia wype\u0142nienia zag\u0142\u00f3wk\u00f3w, poduch, sakw, i puf. Dzi\u0119ki niemu Twoje meble odzyskaj\u0105 swoje [&hellip;]<\/p>\n","protected":false},"featured_media":1881,"comment_status":"closed","ping_status":"open","template":"","meta":{"_kad_blocks_custom_css":"","_kad_blocks_head_custom_js":"","_kad_blocks_body_custom_js":"","_kad_blocks_footer_custom_js":""},"product_brand":[],"product_cat":[46,47],"product_tag":[],"class_list":{"0":"post-4608","1":"product","2":"type-product","3":"status-publish","4":"has-post-thumbnail","6":"product_cat-dodatki","7":"product_cat-wypelnienie-do-puf","8":"wcpa_has_options","10":"first","11":"instock","12":"purchasable","13":"product-type-simple"},"taxonomy_info":{"product_cat":[{"value":46,"label":"Dodatki"},{"value":47,"label":"Wype\u0142nienie do puf"}]},"featured_image_src_large":["https:\/\/homebyvm.com\/wp-content\/uploads\/2023\/05\/export-995-1024x1024.jpg",1024,1024,true],"author_info":[],"comment_info":0,"_links":{"self":[{"href":"https:\/\/homebyvm.com\/lt\/wp-json\/wp\/v2\/product\/4608","targetHints":{"allow":["GET"]}}],"collection":[{"href":"https:\/\/homebyvm.com\/lt\/wp-json\/wp\/v2\/product"}],"about":[{"href":"https:\/\/homebyvm.com\/lt\/wp-json\/wp\/v2\/types\/product"}],"replies":[{"embeddable":true,"href":"https:\/\/homebyvm.com\/lt\/wp-json\/wp\/v2\/comments?post=4608"}],"wp:featuredmedia":[{"embeddable":true,"href":"https:\/\/homebyvm.com\/lt\/wp-json\/wp\/v2\/media\/1881"}],"wp:attachment":[{"href":"https:\/\/homebyvm.com\/lt\/wp-json\/wp\/v2\/media?parent=4608"}],"wp:term":[{"taxonomy":"product_brand","embeddable":true,"href":"https:\/\/homebyvm.com\/lt\/wp-json\/wp\/v2\/product_brand?post=4608"},{"taxonomy":"product_cat","embeddable":true,"href":"https:\/\/homebyvm.com\/lt\/wp-json\/wp\/v2\/product_cat?post=4608"},{"taxonomy":"product_tag","embeddable":true,"href":"https:\/\/homebyvm.com\/lt\/wp-json\/wp\/v2\/product_tag?post=4608"}],"curies":[{"name":"wp","href":"https:\/\/api.w.org\/{rel}","templated":true}]}}