{"id":4609,"date":"2023-07-21T23:11:24","date_gmt":"2023-07-21T23:11:24","guid":{"rendered":"https:\/\/homebyvm.com\/produktas\/granulat-200-litrow\/"},"modified":"2024-12-23T13:33:04","modified_gmt":"2024-12-23T13:33:04","slug":"granulat-200-litrow","status":"publish","type":"product","link":"https:\/\/homebyvm.com\/lt\/produktas\/granulat-200-litrow\/","title":{"rendered":"200 litr\u0173 granuli\u0173"},"content":{"rendered":"<p>200 litr\u0173 granuli\u0173<br \/>\nM\u016bs\u0173 parduotuv\u0117je parduodamos \u012fvairios talpos polistireno bald\u0173 granul\u0117s, supakuotos \u012f mai\u0161us. I\u0161 \u0161ios med\u017eiagos gaminame patogius mai\u0161elius, mai\u0161elius ir krep\u0161elius. Tai produktas, kuriam buvo atlikti grie\u017eti bandymai, patvirtinantys jo auk\u0161\u010diausi\u0105 kokyb\u0119. Mes neparduodame regranulato ar polistireno, pagaminto i\u0161 \u0161iuk\u0161li\u0173.<br \/>\nBald\u0173 granul\u0117s yra sudarytos i\u0161 t\u016bkstan\u010di\u0173 palaid\u0173, bet tankiai sulipdyt\u0173 ma\u017e\u0173 polistireno rutuliuk\u0173. B\u016bdama baldo viduje, tokia med\u017eiaga nuolat veikia ir juda, pritaikydama savo form\u0105 prie naudotojo k\u016bno pad\u0117ties. Ja u\u017epildytoms pagalv\u0117ms ir pufams nereikia standaus karkaso, nes granuliatas puikiai stabilizuoja tokio tipo baldus. Polistireninis putplastis yra labai lengvas, tod\u0117l juo u\u017epildytus baldus galima lengvai perkelti. D\u0117l plasti\u0161k\u0173 granulato savybi\u0173 galima projektuoti ir gaminti modernius baldus, kurie populiar\u016bs ne tik butuose ir priva\u010diuose namuose, bet ir reabilitacijos kambariuose, vaik\u0173 lop\u0161eliuose ir dar\u017eeliuose.<br \/>\nKas dar tikrai daro \u012fsp\u016bd\u012f \u0161iuo \u012fdaru? Be abejo, verta pamin\u0117ti jo didel\u012f patvarum\u0105. D\u0117l to baldus su m\u016bs\u0173 granuli\u0173 u\u017epildu gali s\u0117kmingai naudoti ir suaugusieji, ir patys ma\u017eiausieji. Nereikia nerimauti, kad baldas sugrius ir d\u0117l to taps netinkamas tolesniam naudojimui. Prie\u0161ingai, granuliatas ne tik fantasti\u0161kai veikia naudojant baldus, bet ir pasi\u017eymi dideliu atsparumu \u012fvairiems pa\u017eeidimams. Tod\u0117l savo baldais gal\u0117site d\u017eiaugtis tikrai ilgai.<br \/>\n\u0160iame puslapyje galite \u012fsigyti 200 litr\u0173 talpos granuli\u0173 mai\u0161\u0105, ta\u010diau tai nerei\u0161kia, kad turite sunaudoti vis\u0105 med\u017eiag\u0105. Jei remontuodami bald\u0105 nesunaudojate viso granulato, galite j\u012f i\u0161saugoti kitam remontui. Be to, mai\u0161elio turin\u012f galite s\u0117kmingai panaudoti net keliems baldams remontuoti. M\u016bs\u0173 granuliatas yra itin populiarus pasirinkimas visiems, kurie nori d\u017eiaugtis ilgu savo bald\u0173 tarnavimo laiku ir maksimaliu komfortu.<\/p>","protected":false},"excerpt":{"rendered":"<p>Granulat 200 litr\u00f3w W ofercie naszego sklepu dost\u0119pny jest styropianowy granulat meblarski sprzedawany w workach o r\u00f3\u017cnych pojemno\u015bciach. Takiego materia\u0142u u\u017cywamy do produkcji naszych wygodnych puf, sakw i work\u00f3w. To produkt, kt\u00f3ry przeszed\u0142 rygorystyczne testy potwierdzaj\u0105ce jego najwy\u017csz\u0105 jako\u015b\u0107. Nie sprzedajemy regranulatu czy styropianu wytworzonego ze \u015bmieci. Granulat meblarski sk\u0142ada si\u0119 z tysi\u0119cy lu\u017anych, ale [&hellip;]<\/p>\n","protected":false},"featured_media":1884,"comment_status":"closed","ping_status":"open","template":"","meta":{"_kad_blocks_custom_css":"","_kad_blocks_head_custom_js":"","_kad_blocks_body_custom_js":"","_kad_blocks_footer_custom_js":""},"product_brand":[],"product_cat":[46,47],"product_tag":[],"class_list":{"0":"post-4609","1":"product","2":"type-product","3":"status-publish","4":"has-post-thumbnail","6":"product_cat-dodatki","7":"product_cat-wypelnienie-do-puf","8":"wcpa_has_options","10":"first","11":"instock","12":"purchasable","13":"product-type-simple"},"taxonomy_info":{"product_cat":[{"value":46,"label":"Dodatki"},{"value":47,"label":"Wype\u0142nienie do puf"}]},"featured_image_src_large":["https:\/\/homebyvm.com\/wp-content\/uploads\/2023\/05\/export-998-1024x1024.jpg",1024,1024,true],"author_info":[],"comment_info":0,"_links":{"self":[{"href":"https:\/\/homebyvm.com\/lt\/wp-json\/wp\/v2\/product\/4609","targetHints":{"allow":["GET"]}}],"collection":[{"href":"https:\/\/homebyvm.com\/lt\/wp-json\/wp\/v2\/product"}],"about":[{"href":"https:\/\/homebyvm.com\/lt\/wp-json\/wp\/v2\/types\/product"}],"replies":[{"embeddable":true,"href":"https:\/\/homebyvm.com\/lt\/wp-json\/wp\/v2\/comments?post=4609"}],"wp:featuredmedia":[{"embeddable":true,"href":"https:\/\/homebyvm.com\/lt\/wp-json\/wp\/v2\/media\/1884"}],"wp:attachment":[{"href":"https:\/\/homebyvm.com\/lt\/wp-json\/wp\/v2\/media?parent=4609"}],"wp:term":[{"taxonomy":"product_brand","embeddable":true,"href":"https:\/\/homebyvm.com\/lt\/wp-json\/wp\/v2\/product_brand?post=4609"},{"taxonomy":"product_cat","embeddable":true,"href":"https:\/\/homebyvm.com\/lt\/wp-json\/wp\/v2\/product_cat?post=4609"},{"taxonomy":"product_tag","embeddable":true,"href":"https:\/\/homebyvm.com\/lt\/wp-json\/wp\/v2\/product_tag?post=4609"}],"curies":[{"name":"wp","href":"https:\/\/api.w.org\/{rel}","templated":true}]}}