{"id":4610,"date":"2023-07-21T23:11:24","date_gmt":"2023-07-21T23:11:24","guid":{"rendered":"https:\/\/homebyvm.com\/produktas\/poduszka-okragla-sztruks\/"},"modified":"2024-12-23T13:33:05","modified_gmt":"2024-12-23T13:33:05","slug":"poduszka-okragla-sztruks","status":"publish","type":"product","link":"https:\/\/homebyvm.com\/lt\/produktas\/poduszka-okragla-sztruks\/","title":{"rendered":"Apvali pagalv\u0117l\u0117 Corduroy"},"content":{"rendered":"<p>\"Corduroy\" pagalv\u0117l\u0117 yra 100% lenki\u0161kas gaminys. Ji si\u016bta su dideliu u\u017esidegimu, naudojant gra\u017e\u0173, stor\u0105 \u0161io sezono madingiausi\u0173 spalv\u0173 velvet\u0105. J\u0105 galima naudoti kaip i\u0161skirtin\u0119 k\u0117d\u0117s, sofos ar lovos puo\u0161men\u0105. Jis taip pat bus puiki dovana originali\u0173 aksesuar\u0173 m\u0117g\u0117jams.<br \/>\nM\u016bs\u0173 si\u016bloma pagalv\u0117l\u0117 vis\u0173 pirma \u017eavi auk\u0161tos kokyb\u0117s apdirbimu ir originaliu dizainu. Nors ji yra klasikinio apvalumo, ji neabejotinai atkreipia \u012f save d\u0117mes\u012f. \u0160ios pagalv\u0117l\u0117s auk\u0161tis yra ma\u017edaug 7 cm, ji u\u017epildyta specialiu silikoniniu rutuliuku. D\u0117l to \u0161is dekoratyvinis modelis gali puikiai pasiteisinti ir dienos poilsiui. Pad\u0117j\u0119 \u0161i\u0105 pagalv\u0117l\u0119 ant sofos ar sofos, gal\u0117site dr\u0105siai atsigulti ir ant jos atsipalaiduoti. Verta pamin\u0117ti, kad naudojama med\u017eiaga yra atspari pa\u017eeidimams ir ply\u0161imui. Taigi jums nereik\u0117s nerimauti, kad pagalv\u0117l\u0117 nuo spaudimo suplon\u0117s ir taip bus pa\u017eeista. Tinkamai naudojama ji tikrai tarnaus ilgai. Med\u017eiaga yra itin mink\u0161ta ir maloni liesti, o tai dar labiau skatina \u012fsigyti \u0161\u012f lenki\u0161k\u0105 gamin\u012f. \u0160is pagalv\u0117l\u0117s variantas si\u016blomas keli\u0173 mading\u0173 spalv\u0173, kurios puikiai der\u0117s \u012fvairiose aran\u017euot\u0117se. Nedvejodami kreipkit\u0117s \u012f mus.<\/p>\n<p>Med\u017eiagos savyb\u0117s<\/p>","protected":false},"excerpt":{"rendered":"<p>Poduszka Sztruks jest produktem w 100% polskim. Zosta\u0142a uszyta z wielk\u0105 pasj\u0105 i z wykorzystaniem pi\u0119knego, grubego sztruksu w najmodniejszych w tym sezonie kolorach. Mo\u017ce by\u0107 wykorzystana jako nieprzeci\u0119tna dekoracja krzes\u0142a, kanapy czy \u0142\u00f3\u017cka. B\u0119dzie tak\u017ce doskona\u0142ym prezentem dla mi\u0142o\u015bnik\u00f3w oryginalnych dodatk\u00f3w. Proponowana przez nas poduszka zachwyca przede wszystkim swoj\u0105 wysok\u0105 jako\u015bci\u0105 wykonania i niebanalnym [&hellip;]<\/p>\n","protected":false},"featured_media":1887,"comment_status":"closed","ping_status":"open","template":"","meta":{"_kad_blocks_custom_css":"","_kad_blocks_head_custom_js":"","_kad_blocks_body_custom_js":"","_kad_blocks_footer_custom_js":""},"product_brand":[],"product_cat":[46,48],"product_tag":[],"class_list":{"0":"post-4610","1":"product","2":"type-product","3":"status-publish","4":"has-post-thumbnail","6":"product_cat-dodatki","7":"product_cat-poduszki","8":"wcpa_has_options","10":"first","11":"instock","12":"purchasable","13":"product-type-simple"},"taxonomy_info":{"product_cat":[{"value":46,"label":"Dodatki"},{"value":48,"label":"Poduszki"}]},"featured_image_src_large":["https:\/\/homebyvm.com\/wp-content\/uploads\/2023\/05\/export-1001-1024x1024.jpg",1024,1024,true],"author_info":[],"comment_info":0,"_links":{"self":[{"href":"https:\/\/homebyvm.com\/lt\/wp-json\/wp\/v2\/product\/4610","targetHints":{"allow":["GET"]}}],"collection":[{"href":"https:\/\/homebyvm.com\/lt\/wp-json\/wp\/v2\/product"}],"about":[{"href":"https:\/\/homebyvm.com\/lt\/wp-json\/wp\/v2\/types\/product"}],"replies":[{"embeddable":true,"href":"https:\/\/homebyvm.com\/lt\/wp-json\/wp\/v2\/comments?post=4610"}],"wp:featuredmedia":[{"embeddable":true,"href":"https:\/\/homebyvm.com\/lt\/wp-json\/wp\/v2\/media\/1887"}],"wp:attachment":[{"href":"https:\/\/homebyvm.com\/lt\/wp-json\/wp\/v2\/media?parent=4610"}],"wp:term":[{"taxonomy":"product_brand","embeddable":true,"href":"https:\/\/homebyvm.com\/lt\/wp-json\/wp\/v2\/product_brand?post=4610"},{"taxonomy":"product_cat","embeddable":true,"href":"https:\/\/homebyvm.com\/lt\/wp-json\/wp\/v2\/product_cat?post=4610"},{"taxonomy":"product_tag","embeddable":true,"href":"https:\/\/homebyvm.com\/lt\/wp-json\/wp\/v2\/product_tag?post=4610"}],"curies":[{"name":"wp","href":"https:\/\/api.w.org\/{rel}","templated":true}]}}