{"id":4611,"date":"2023-07-21T23:11:24","date_gmt":"2023-07-21T23:11:24","guid":{"rendered":"https:\/\/homebyvm.com\/produktas\/poduszka-kwadratowa-sztruks\/"},"modified":"2024-12-23T13:33:05","modified_gmt":"2024-12-23T13:33:05","slug":"poduszka-kwadratowa-sztruks","status":"publish","type":"product","link":"https:\/\/homebyvm.com\/lt\/produktas\/poduszka-kwadratowa-sztruks\/","title":{"rendered":"Kvadratin\u0117 velvetin\u0117 pagalv\u0117l\u0117"},"content":{"rendered":"<p>\"Corduroy\" pagalv\u0117l\u0117 yra 100% lenki\u0161kas gaminys. Ji pasi\u016bta i\u0161 gra\u017eaus, storo \u0161io sezono madingiausi\u0173 spalv\u0173 velveto. Ji tinka papuo\u0161ti namus paprastai ir nat\u016braliai. Puikiai atrodo ant k\u0117d\u017ei\u0173, sof\u0173 ir lov\u0173 kaip ne\u012fprasta puo\u0161mena. Jis taip pat bus puiki dovana.<br \/>\nJei ie\u0161kote eleganti\u0161kos pagalv\u0117l\u0117s, kuri puikiai tikt\u0173 ir tradici\u0161kesniems kambariams, m\u016bs\u0173 si\u016bloma kvadratin\u0117 velvetin\u0117 pagalv\u0117l\u0117 tikrai patiks. \u0160i\u0105 pagalv\u0117l\u0119 galima rinktis i\u0161 keliolikos itin mading\u0173, o svarbiausia - gerai atrodan\u010di\u0173 spalv\u0173. K\u0105 nors ras ir labai \u0161viesi\u0173 spalv\u0173 gerb\u0117jai, ir tie, kurie savo kambariuose mieliau renkasi tamsius akcentus. Nors tai itin dekoratyvi pagalv\u0117l\u0117, rekomenduojame j\u0105 naudoti ir dienos metu ilsintis. Silikoninis kamuoliukas, esantis u\u017epilde, leis jums visi\u0161kai atsipalaiduoti. Med\u017eiaga nesirauk\u0161l\u0117ja ir yra atspari pa\u017eeidimams, tod\u0117l j\u0105 \u012fvertins net i\u0161rankiausi klientai. Jei ketinate \u0161i\u0105 pagalv\u0117l\u0119 d\u0117ti ant didesn\u0117s sofos ar sofos, raginame i\u0161 karto rinktis kelis vienodus arba visi\u0161kai skirting\u0173 spalv\u0173 variantus. Tai suteiks j\u016bs\u0173 baldams unikali\u0105 i\u0161vaizd\u0105.<br \/>\nMed\u017eiagos savyb\u0117s<\/p>","protected":false},"excerpt":{"rendered":"<p>Poduszka Sztruks jest produktem w 100% polskim. Do jej uszycia wykorzystano pi\u0119kny, gruby sztruks w najmodniejszych w tym sezonie kolorach. Nadaje si\u0119 do dekoracji domu w prosty i naturalny spos\u00f3b. \u015awietnie prezentuje si\u0119 na krzes\u0142ach, kanapach i \u0142\u00f3\u017ckach jako nieprzeci\u0119tna dekoracja. B\u0119dzie r\u00f3wnie\u017c doskona\u0142ym prezentem. Je\u017celi szukasz eleganckiej, a zarazem idealnie pasuj\u0105cej tak\u017ce do bardziej [&hellip;]<\/p>\n","protected":false},"featured_media":1890,"comment_status":"closed","ping_status":"open","template":"","meta":{"_kad_blocks_custom_css":"","_kad_blocks_head_custom_js":"","_kad_blocks_body_custom_js":"","_kad_blocks_footer_custom_js":""},"product_brand":[],"product_cat":[46,48],"product_tag":[],"class_list":{"0":"post-4611","1":"product","2":"type-product","3":"status-publish","4":"has-post-thumbnail","6":"product_cat-dodatki","7":"product_cat-poduszki","8":"wcpa_has_options","10":"first","11":"instock","12":"purchasable","13":"product-type-simple"},"taxonomy_info":{"product_cat":[{"value":46,"label":"Dodatki"},{"value":48,"label":"Poduszki"}]},"featured_image_src_large":["https:\/\/homebyvm.com\/wp-content\/uploads\/2023\/05\/export-1004-1024x1024.jpg",1024,1024,true],"author_info":[],"comment_info":0,"_links":{"self":[{"href":"https:\/\/homebyvm.com\/lt\/wp-json\/wp\/v2\/product\/4611","targetHints":{"allow":["GET"]}}],"collection":[{"href":"https:\/\/homebyvm.com\/lt\/wp-json\/wp\/v2\/product"}],"about":[{"href":"https:\/\/homebyvm.com\/lt\/wp-json\/wp\/v2\/types\/product"}],"replies":[{"embeddable":true,"href":"https:\/\/homebyvm.com\/lt\/wp-json\/wp\/v2\/comments?post=4611"}],"wp:featuredmedia":[{"embeddable":true,"href":"https:\/\/homebyvm.com\/lt\/wp-json\/wp\/v2\/media\/1890"}],"wp:attachment":[{"href":"https:\/\/homebyvm.com\/lt\/wp-json\/wp\/v2\/media?parent=4611"}],"wp:term":[{"taxonomy":"product_brand","embeddable":true,"href":"https:\/\/homebyvm.com\/lt\/wp-json\/wp\/v2\/product_brand?post=4611"},{"taxonomy":"product_cat","embeddable":true,"href":"https:\/\/homebyvm.com\/lt\/wp-json\/wp\/v2\/product_cat?post=4611"},{"taxonomy":"product_tag","embeddable":true,"href":"https:\/\/homebyvm.com\/lt\/wp-json\/wp\/v2\/product_tag?post=4611"}],"curies":[{"name":"wp","href":"https:\/\/api.w.org\/{rel}","templated":true}]}}