{"id":4612,"date":"2023-07-21T23:11:24","date_gmt":"2023-07-21T23:11:24","guid":{"rendered":"https:\/\/homebyvm.com\/produktas\/poduszka-premium-mix\/"},"modified":"2024-12-23T13:33:05","modified_gmt":"2024-12-23T13:33:05","slug":"poduszka-premium-mix","status":"publish","type":"product","link":"https:\/\/homebyvm.com\/lt\/produktas\/poduszka-premium-mix\/","title":{"rendered":"\"Premium Mix\" pagalv\u0117"},"content":{"rendered":"<p>\"Premium Mix\" pagalv\u0117<br \/>\nAtrodyt\u0173, kad pasirinkti tinkamas pagalv\u0117les svetain\u0117s sofai n\u0117ra labai svarbu. Nieko negali b\u016bti toliau nuo tiesos! Juk tai erdv\u0117, kurioje praleid\u017eiame daug laisvo laiko, tod\u0117l verta pasir\u016bpinti, kad s\u0117d\u0117dami ar gul\u0117dami ant sofos jaustum\u0117t\u0117s kuo patogiau. Auk\u0161\u010diausios kokyb\u0117s mi\u0161inio pagalv\u0117l\u0117 yra tai garantuojantis modelis! D\u0117l malonios ir malonios liesti nat\u016bralios odos negal\u0117site atsipl\u0117\u0161ti nuo \u0161ios pagalv\u0117l\u0117s. Jos patogumas yra \u012ftraukiantis!<br \/>\nPasirinkti tinkamas pagalv\u0117les - itin svarbus aspektas dekoruojant interjer\u0105. Kaip \u017einoma - aksesuarai daro did\u017eiul\u0119 \u012ftak\u0105, tod\u0117l verta rinktis tai, kas geriausiai der\u0117s prie j\u016bs\u0173 nam\u0173 interjero. Auk\u0161\u010diausios kokyb\u0117s mi\u0161inio pagalv\u0117l\u0117 yra itin stilingas ir madingas bet kokio interjero priedas.<br \/>\nM\u016bs\u0173 asortimente \u0161\u012f model\u012f rasite \u0161e\u0161i\u0173 spalv\u0173 variant\u0173, tod\u0117l gal\u0117site laisvai pasirinkti t\u0105, kuris geriausiai tinka j\u016bs\u0173 \u012frengtam kambariui. Rasite tiek \u0161viesesni\u0173, tiek tamsesni\u0173 spalv\u0173 variant\u0173. Nelaukite ilgiau ir i\u0161sirinkite tobul\u0105 pagalv\u0117l\u0119 jau \u0161iandien!<\/p>","protected":false},"excerpt":{"rendered":"<p>Poduszka Premium Mix Wydawa\u0107 by si\u0119 mog\u0142o, \u017ce wyb\u00f3r odpowiednich poduszek do kanapy w salonie nie ma wielkiego znaczenia. Nic bardziej mylnego! W ko\u0144cu to przestrze\u0144, w kt\u00f3rej sp\u0119dzamy du\u017co wolnego czasu, dlatego warto zadba\u0107 o jak najwy\u017cszy komfort podczas siedzenia czy le\u017cenia na kanapie. Poduszka premium mix to model, kt\u00f3ry Ci go zagwarantuje! Przyjemna [&hellip;]<\/p>\n","protected":false},"featured_media":1893,"comment_status":"closed","ping_status":"closed","template":"","meta":{"_kad_blocks_custom_css":"","_kad_blocks_head_custom_js":"","_kad_blocks_body_custom_js":"","_kad_blocks_footer_custom_js":""},"product_brand":[],"product_cat":[46,48],"product_tag":[],"class_list":{"0":"post-4612","1":"product","2":"type-product","3":"status-publish","4":"has-post-thumbnail","6":"product_cat-dodatki","7":"product_cat-poduszki","8":"wcpa_has_options","10":"first","11":"instock","12":"purchasable","13":"product-type-simple"},"taxonomy_info":{"product_cat":[{"value":46,"label":"Dodatki"},{"value":48,"label":"Poduszki"}]},"featured_image_src_large":["https:\/\/homebyvm.com\/wp-content\/uploads\/2023\/05\/export-1007-1024x683.jpg",1024,683,true],"author_info":[],"comment_info":0,"_links":{"self":[{"href":"https:\/\/homebyvm.com\/lt\/wp-json\/wp\/v2\/product\/4612","targetHints":{"allow":["GET"]}}],"collection":[{"href":"https:\/\/homebyvm.com\/lt\/wp-json\/wp\/v2\/product"}],"about":[{"href":"https:\/\/homebyvm.com\/lt\/wp-json\/wp\/v2\/types\/product"}],"replies":[{"embeddable":true,"href":"https:\/\/homebyvm.com\/lt\/wp-json\/wp\/v2\/comments?post=4612"}],"wp:featuredmedia":[{"embeddable":true,"href":"https:\/\/homebyvm.com\/lt\/wp-json\/wp\/v2\/media\/1893"}],"wp:attachment":[{"href":"https:\/\/homebyvm.com\/lt\/wp-json\/wp\/v2\/media?parent=4612"}],"wp:term":[{"taxonomy":"product_brand","embeddable":true,"href":"https:\/\/homebyvm.com\/lt\/wp-json\/wp\/v2\/product_brand?post=4612"},{"taxonomy":"product_cat","embeddable":true,"href":"https:\/\/homebyvm.com\/lt\/wp-json\/wp\/v2\/product_cat?post=4612"},{"taxonomy":"product_tag","embeddable":true,"href":"https:\/\/homebyvm.com\/lt\/wp-json\/wp\/v2\/product_tag?post=4612"}],"curies":[{"name":"wp","href":"https:\/\/api.w.org\/{rel}","templated":true}]}}