{"id":4613,"date":"2023-07-21T23:11:24","date_gmt":"2023-07-21T23:11:24","guid":{"rendered":"https:\/\/homebyvm.com\/produktas\/poduszka-mix-sztruks\/"},"modified":"2024-12-23T13:33:05","modified_gmt":"2024-12-23T13:33:05","slug":"poduszka-mix-sztruks","status":"publish","type":"product","link":"https:\/\/homebyvm.com\/lt\/produktas\/poduszka-mix-sztruks\/","title":{"rendered":"Pagalvi\u0173 mi\u0161inys Velvetas"},"content":{"rendered":"<p>\"Corduroy\" pagalv\u0117l\u0117 yra 100% lenki\u0161kas gaminys. Siuvama su didele aistra, naudojant gra\u017e\u0173, stor\u0105 \u0161io sezono madingiausi\u0173 spalv\u0173 velvet\u0105. Tinka papuo\u0161ti namus paprastai ir nat\u016braliai. J\u0105 galima naudoti ant k\u0117d\u017ei\u0173, sof\u0173, lov\u0173 kaip neprilygstam\u0105 puo\u0161men\u0105. tai bus puiki dovana j\u016bs\u0173 namams papuo\u0161ti.<br \/>\nAtsitiktine tvarka parinktos d\u0117mi\u0173 spalvos.<br \/>\nMed\u017eiagos savyb\u0117s<\/p>","protected":false},"excerpt":{"rendered":"<p>\"Corduroy\" pagalv\u0117l\u0117 yra 100% lenki\u0161kas gaminys. Siuvama su didele aistra, naudojant gra\u017e\u0173, stor\u0105 \u0161io sezono madingiausi\u0173 spalv\u0173 velvet\u0105. Tinka papuo\u0161ti namus paprastai ir nat\u016braliai. J\u0105 galima naudoti ant k\u0117d\u017ei\u0173, sof\u0173, lov\u0173 kaip neprilygstam\u0105 puo\u0161men\u0105. tai bus puiki dovana j\u016bs\u0173 namams papuo\u0161ti. Patais\u0173 spalvos parinktos atsitiktine tvarka. Med\u017eiagos savyb\u0117s<\/p>","protected":false},"featured_media":1896,"comment_status":"closed","ping_status":"open","template":"","meta":{"_kad_blocks_custom_css":"","_kad_blocks_head_custom_js":"","_kad_blocks_body_custom_js":"","_kad_blocks_footer_custom_js":""},"product_brand":[],"product_cat":[46,48],"product_tag":[],"class_list":{"0":"post-4613","1":"product","2":"type-product","3":"status-publish","4":"has-post-thumbnail","6":"product_cat-dodatki","7":"product_cat-poduszki","8":"wcpa_has_options","10":"first","11":"instock","12":"purchasable","13":"product-type-simple"},"taxonomy_info":{"product_cat":[{"value":46,"label":"Dodatki"},{"value":48,"label":"Poduszki"}]},"featured_image_src_large":["https:\/\/homebyvm.com\/wp-content\/uploads\/2023\/05\/export-1010-1024x1024.jpg",1024,1024,true],"author_info":[],"comment_info":0,"_links":{"self":[{"href":"https:\/\/homebyvm.com\/lt\/wp-json\/wp\/v2\/product\/4613","targetHints":{"allow":["GET"]}}],"collection":[{"href":"https:\/\/homebyvm.com\/lt\/wp-json\/wp\/v2\/product"}],"about":[{"href":"https:\/\/homebyvm.com\/lt\/wp-json\/wp\/v2\/types\/product"}],"replies":[{"embeddable":true,"href":"https:\/\/homebyvm.com\/lt\/wp-json\/wp\/v2\/comments?post=4613"}],"wp:featuredmedia":[{"embeddable":true,"href":"https:\/\/homebyvm.com\/lt\/wp-json\/wp\/v2\/media\/1896"}],"wp:attachment":[{"href":"https:\/\/homebyvm.com\/lt\/wp-json\/wp\/v2\/media?parent=4613"}],"wp:term":[{"taxonomy":"product_brand","embeddable":true,"href":"https:\/\/homebyvm.com\/lt\/wp-json\/wp\/v2\/product_brand?post=4613"},{"taxonomy":"product_cat","embeddable":true,"href":"https:\/\/homebyvm.com\/lt\/wp-json\/wp\/v2\/product_cat?post=4613"},{"taxonomy":"product_tag","embeddable":true,"href":"https:\/\/homebyvm.com\/lt\/wp-json\/wp\/v2\/product_tag?post=4613"}],"curies":[{"name":"wp","href":"https:\/\/api.w.org\/{rel}","templated":true}]}}