{"id":4614,"date":"2023-07-21T23:11:24","date_gmt":"2023-07-21T23:11:24","guid":{"rendered":"https:\/\/homebyvm.com\/produktas\/worek-sztruks\/"},"modified":"2024-12-23T13:33:08","modified_gmt":"2024-12-23T13:33:08","slug":"worek-sztruks","status":"publish","type":"product","link":"https:\/\/homebyvm.com\/lt\/produktas\/worek-sztruks\/","title":{"rendered":"Velvetinis krep\u0161ys"},"content":{"rendered":"<p>Velvetinis krep\u0161ys yra 100% lenki\u0161kas gaminys. Siuvama su didele aistra, naudojant gra\u017e\u0173, stor\u0105 \u0161io sezono madingiausi\u0173 spalv\u0173 velvet\u0105. Patogus ir talpus, jame tilps visi kasdieniai daiktai.<\/p>\n<p>Jis puikiai dera tiek prie miesto, tiek prie sportinio stiliaus. Tik nuo j\u016bs\u0173 priklauso, kaip j\u012f d\u0117v\u0117site ir kur j\u012f nune\u0161ite. Ir nereikia nerimauti d\u0117l jos talpos - \u012f j\u0105 tikrai tilps daug b\u016btiniausi\u0173 daikt\u0173.<br \/>\nMed\u017eiagos savyb\u0117s<\/p>","protected":false},"excerpt":{"rendered":"<p>Worek Sztruks jest produktem w 100% polskim. Szyty z wielk\u0105 pasj\u0105 i z wykorzystaniem pi\u0119knego, grubego sztruksu w najmodniejszych w tym sezonie kolorach. Wygodny i pojemny, pomie\u015bci wszystkie niezb\u0119dne na co dzie\u0144 przedmioty. Idealnie wsp\u00f3\u0142gra z miejskimi, a tak\u017ce sportowymi stylizacjami. Od Ciebie zale\u017cy w jaki spos\u00f3b go nosisz i gdzie go zabierzesz. O jego [&hellip;]<\/p>\n","protected":false},"featured_media":1899,"comment_status":"closed","ping_status":"open","template":"","meta":{"_kad_blocks_custom_css":"","_kad_blocks_head_custom_js":"","_kad_blocks_body_custom_js":"","_kad_blocks_footer_custom_js":""},"product_brand":[],"product_cat":[46,49],"product_tag":[],"class_list":{"0":"post-4614","1":"product","2":"type-product","3":"status-publish","4":"has-post-thumbnail","6":"product_cat-dodatki","7":"product_cat-plecaki","8":"wcpa_has_options","10":"first","11":"instock","12":"purchasable","13":"product-type-simple"},"taxonomy_info":{"product_cat":[{"value":46,"label":"Dodatki"},{"value":49,"label":"Plecaki"}]},"featured_image_src_large":["https:\/\/homebyvm.com\/wp-content\/uploads\/2023\/05\/export-1013-1024x1024.jpg",1024,1024,true],"author_info":[],"comment_info":0,"_links":{"self":[{"href":"https:\/\/homebyvm.com\/lt\/wp-json\/wp\/v2\/product\/4614","targetHints":{"allow":["GET"]}}],"collection":[{"href":"https:\/\/homebyvm.com\/lt\/wp-json\/wp\/v2\/product"}],"about":[{"href":"https:\/\/homebyvm.com\/lt\/wp-json\/wp\/v2\/types\/product"}],"replies":[{"embeddable":true,"href":"https:\/\/homebyvm.com\/lt\/wp-json\/wp\/v2\/comments?post=4614"}],"wp:featuredmedia":[{"embeddable":true,"href":"https:\/\/homebyvm.com\/lt\/wp-json\/wp\/v2\/media\/1899"}],"wp:attachment":[{"href":"https:\/\/homebyvm.com\/lt\/wp-json\/wp\/v2\/media?parent=4614"}],"wp:term":[{"taxonomy":"product_brand","embeddable":true,"href":"https:\/\/homebyvm.com\/lt\/wp-json\/wp\/v2\/product_brand?post=4614"},{"taxonomy":"product_cat","embeddable":true,"href":"https:\/\/homebyvm.com\/lt\/wp-json\/wp\/v2\/product_cat?post=4614"},{"taxonomy":"product_tag","embeddable":true,"href":"https:\/\/homebyvm.com\/lt\/wp-json\/wp\/v2\/product_tag?post=4614"}],"curies":[{"name":"wp","href":"https:\/\/api.w.org\/{rel}","templated":true}]}}