{"id":4648,"date":"2023-07-25T21:05:38","date_gmt":"2023-07-25T21:05:38","guid":{"rendered":"https:\/\/homebyvm.com\/produktas\/poducha-milano-mix-magic-velvet\/"},"modified":"2023-09-26T18:41:00","modified_gmt":"2023-09-26T18:41:00","slug":"poducha-milano-mix-magic-velvet","status":"publish","type":"product","link":"https:\/\/homebyvm.com\/lt\/produktas\/poducha-milano-mix-magic-velvet\/","title":{"rendered":"Milano Mix Magic Velvet pagalv\u0117l\u0117"},"content":{"rendered":"<p>Pleistr\u0173 eili\u0161kumas parinktas atsitiktine tvarka.Milano Mix Magic Velvet pagalv\u0117l\u0117 - tai aksesuaras, kuris d\u0117l savo dyd\u017eio ir formos sujungia fotelio ir pagalv\u0117l\u0117s savybes.  Kaip pagamintas m\u016bs\u0173 krep\u0161ys? Viduje n\u0117ra standaus karkaso - j\u012f pakei\u010dia tvirtos polistireno granul\u0117s, kurios u\u017epildo vis\u0105 vid\u0173. B\u016btent jis suteikia pufui nepaprasto atsparumo ir leid\u017eia j\u012f lengvai formuoti . Galime j\u012f naudoti b\u016btent taip, kaip norime, pavyzd\u017eiui, mokytis, atsipalaiduoti, \u017ei\u016br\u0117ti televizori\u0173 ar \u017eaisti konsolinius \u017eaidimus. Be to, pagalv\u0117l\u0117 turi vidin\u012f u\u017evalkal\u0105, tod\u0117l j\u0105 galime skalbti. Velveto med\u017eiaga yra ne\u012ftik\u0117tinai \u0161velni liesti, tod\u0117l pagerina poilsio komfort\u0105.<\/p>\n<p>Tai vienintelis toks spalv\u0173 derinys rinkoje, pagamintas su aistra ir d\u0117mesiu detal\u0117ms.   Auk\u0161\u010diausios kokyb\u0117s nedegios med\u017eiagos, sertifikuotos OEKO TEX 100.<br \/>\nAtsitiktine tvarka atrinkt\u0173 d\u0117mi\u0173 eili\u0161kumas.<\/p>\n<p>Med\u017eiagos savyb\u0117s<\/p>","protected":false},"excerpt":{"rendered":"<p>Kolejno\u015b\u0107 \u0142atek dobierana losowo.Poducha Milano Mix Magic Velvet to dodatek, kt\u00f3ry \u0142\u0105czy w sobie cechy fotela i poduszki, a to za spraw\u0105 jej rozmiaru i kszta\u0142tu.\u00a0\u00a0Jak wykonany jest nasz worek? W \u015brodku nie ma sztywnego stela\u017ca &#8211; zast\u0119puje go trwa\u0142y, styropianowy granulat, kt\u00f3ry wype\u0142nia ca\u0142e wn\u0119trze. To on nadaje pufie niezwyk\u0142ej spr\u0119\u017cysto\u015bci i sprawia, \u017ce [&hellip;]<\/p>\n","protected":false},"featured_media":4649,"comment_status":"closed","ping_status":"closed","template":"","meta":{"_kad_blocks_custom_css":"","_kad_blocks_head_custom_js":"","_kad_blocks_body_custom_js":"","_kad_blocks_footer_custom_js":""},"product_brand":[],"product_cat":[33],"product_tag":[],"class_list":{"0":"post-4648","1":"product","2":"type-product","3":"status-publish","4":"has-post-thumbnail","6":"product_cat-poduchy","7":"wcpa_has_options","9":"first","10":"outofstock","11":"purchasable","12":"product-type-simple"},"taxonomy_info":{"product_cat":[{"value":33,"label":"Poduchy"}]},"featured_image_src_large":["https:\/\/homebyvm.com\/wp-content\/uploads\/2023\/07\/export-38-1024x1024.jpg",1024,1024,true],"author_info":[],"comment_info":0,"_links":{"self":[{"href":"https:\/\/homebyvm.com\/lt\/wp-json\/wp\/v2\/product\/4648","targetHints":{"allow":["GET"]}}],"collection":[{"href":"https:\/\/homebyvm.com\/lt\/wp-json\/wp\/v2\/product"}],"about":[{"href":"https:\/\/homebyvm.com\/lt\/wp-json\/wp\/v2\/types\/product"}],"replies":[{"embeddable":true,"href":"https:\/\/homebyvm.com\/lt\/wp-json\/wp\/v2\/comments?post=4648"}],"wp:featuredmedia":[{"embeddable":true,"href":"https:\/\/homebyvm.com\/lt\/wp-json\/wp\/v2\/media\/4649"}],"wp:attachment":[{"href":"https:\/\/homebyvm.com\/lt\/wp-json\/wp\/v2\/media?parent=4648"}],"wp:term":[{"taxonomy":"product_brand","embeddable":true,"href":"https:\/\/homebyvm.com\/lt\/wp-json\/wp\/v2\/product_brand?post=4648"},{"taxonomy":"product_cat","embeddable":true,"href":"https:\/\/homebyvm.com\/lt\/wp-json\/wp\/v2\/product_cat?post=4648"},{"taxonomy":"product_tag","embeddable":true,"href":"https:\/\/homebyvm.com\/lt\/wp-json\/wp\/v2\/product_tag?post=4648"}],"curies":[{"name":"wp","href":"https:\/\/api.w.org\/{rel}","templated":true}]}}