{"id":4784,"date":"2023-11-25T19:06:48","date_gmt":"2023-11-25T19:06:48","guid":{"rendered":"https:\/\/homebyvm.com\/produktas\/poducha-mix-magic-velvet\/"},"modified":"2023-12-06T21:09:38","modified_gmt":"2023-12-06T21:09:38","slug":"poducha-mix-magic-velvet","status":"publish","type":"product","link":"https:\/\/homebyvm.com\/lt\/produktas\/poducha-mix-magic-velvet\/","title":{"rendered":"Mi\u0161inys \"Magic Velvet\" pagalv\u0117l\u0117"},"content":{"rendered":"<p>Atsitiktine tvarka atrinkt\u0173 d\u0117mi\u0173 eili\u0161kumas. Poliesterio pagrindas, raudona spalvaMix Magic Velvet pagalv\u0117l\u0117<br \/>\n\"Mix Magic Velvet\" pagalv\u0117l\u0117 - tai aksesuaras, kuris d\u0117l savo dyd\u017eio ir formos sujungia fotelio ir pagalv\u0117l\u0117s savybes. Gamin\u012f galima naudoti kaip savaranki\u0161k\u0105 \u010diu\u017ein\u012f, ant kurio kiekvienas gali lengvai atsigulti popietiniam miegui. J\u012f taip pat galima paversti labai mink\u0161tu foteliu arba pufu, tiesiog i\u0161d\u0117liojus pagalv\u0117l\u0119.<br \/>\nJ\u012f galite naudoti taip, kaip jums patinka, pavyzd\u017eiui, mokytis, atsipalaiduoti, \u017ei\u016br\u0117ti televizori\u0173 arba \u017eaisti pulteliu. Be to, pagalv\u0117l\u0117s viduje yra vidinis u\u017evalkalas, tod\u0117l j\u0105 galite lengvai skalbti. Velveto med\u017eiaga yra ne\u012ftik\u0117tinai mink\u0161ta liesti, tod\u0117l pagerina j\u016bs\u0173 poilsio komfort\u0105. Tai vienintelis toks spalv\u0173 derinys rinkoje, pagamintas su aistra ir d\u0117mesiu detal\u0117ms.<br \/>\nAuk\u0161\u010diausios kokyb\u0117s nedegios med\u017eiagos, sertifikuotos OEKO TEX 100.<br \/>\nUnikali\u0105 pagalv\u0117l\u0119, kuri\u0105 atiduodame \u012f j\u016bs\u0173 rankas, pas mus galite \u012fsigyti dviej\u0173 spalv\u0173. Galite rinktis variant\u0105 su gra\u017eiu bordo spalvos dugnu arba tok\u012f, kuris pirmiausia d\u017eiugina \u017ealiais atspalviais. \u0160i\u0173 detali\u0173 lop\u0173 tvarka parenkama atsitiktine tvarka, tod\u0117l galite b\u016bti tikri, kad gausite gamin\u012f, nuo kurio namuose bus sunku atitraukti akis.<br \/>\nKokiam interjerui pirmiausia rekomenduojame \u0161i\u0105 pagalv\u0117l\u0119? D\u0117l savo universalumo, bet tikrai \u012fdomaus charakterio ji puikiai tiks daugelyje kambari\u0173. Be kita ko, rekomenduojame j\u0105 svetainei, miegamajam ir net jaunimo kambariui. Tinkamai i\u0161d\u0117liota ji taip pat gerai atrodys valgomajame. D\u0117l panaudot\u0173 puiki\u0173 med\u017eiag\u0173 \u0161is modelis yra labai atsparus trin\u010diai ir pa\u017eeidimams. \u0160i pagalv\u0117l\u0117 yra visi\u0161kai tinkama naminiams gyv\u016bnams, tod\u0117l jums nereikia nerimauti, kad j\u016bs\u0173 mylimas augintinis j\u0105 sunaikins. Tinkamai pri\u017ei\u016brima ir valoma, ji tikrai tarnaus labai ilgai. Ar kas nors i\u0161 artim\u0173j\u0173 k\u0105 tik persik\u0117l\u0117 \u012f naujus namus? Jei taip, kvie\u010diame \u0161\u012f aksesuar\u0105 padovanoti. Jis puikiai tiks \u012fvairiose erdv\u0117se.<br \/>\nMed\u017eiagos savyb\u0117s<\/p>","protected":false},"excerpt":{"rendered":"<p>Kolejno\u015b\u0107 \u0142atek dobierana losowo. Sp\u00f3d poliester kolor czerwonyPoducha Mix Magic Velvet Poducha Mix Magic Velvet to dodatek \u0142\u0105cz\u0105cy w sobie cechy fotela i poduszki, a to za spraw\u0105 jej rozmiaru i kszta\u0142tu. Produkt mo\u017ce stanowi\u0107 samodzielny materac, na kt\u00f3rym ka\u017cdy swobodnie utnie sobie popo\u0142udniow\u0105 drzemk\u0119. Poza tym wystarczy odpowiednio u\u0142o\u017cy\u0107 poduch\u0119, by zamieni\u0142a si\u0119 w [&hellip;]<\/p>\n","protected":false},"featured_media":4785,"comment_status":"closed","ping_status":"open","template":"","meta":{"_kad_blocks_custom_css":"","_kad_blocks_head_custom_js":"","_kad_blocks_body_custom_js":"","_kad_blocks_footer_custom_js":""},"product_brand":[],"product_cat":[33],"product_tag":[],"class_list":{"0":"post-4784","1":"product","2":"type-product","3":"status-publish","4":"has-post-thumbnail","6":"product_cat-poduchy","7":"wcpa_has_options","9":"first","10":"outofstock","11":"purchasable","12":"product-type-simple"},"taxonomy_info":{"product_cat":[{"value":33,"label":"Poduchy"}]},"featured_image_src_large":["https:\/\/homebyvm.com\/wp-content\/uploads\/2023\/11\/export-29-1024x1024.jpg",1024,1024,true],"author_info":[],"comment_info":0,"_links":{"self":[{"href":"https:\/\/homebyvm.com\/lt\/wp-json\/wp\/v2\/product\/4784","targetHints":{"allow":["GET"]}}],"collection":[{"href":"https:\/\/homebyvm.com\/lt\/wp-json\/wp\/v2\/product"}],"about":[{"href":"https:\/\/homebyvm.com\/lt\/wp-json\/wp\/v2\/types\/product"}],"replies":[{"embeddable":true,"href":"https:\/\/homebyvm.com\/lt\/wp-json\/wp\/v2\/comments?post=4784"}],"wp:featuredmedia":[{"embeddable":true,"href":"https:\/\/homebyvm.com\/lt\/wp-json\/wp\/v2\/media\/4785"}],"wp:attachment":[{"href":"https:\/\/homebyvm.com\/lt\/wp-json\/wp\/v2\/media?parent=4784"}],"wp:term":[{"taxonomy":"product_brand","embeddable":true,"href":"https:\/\/homebyvm.com\/lt\/wp-json\/wp\/v2\/product_brand?post=4784"},{"taxonomy":"product_cat","embeddable":true,"href":"https:\/\/homebyvm.com\/lt\/wp-json\/wp\/v2\/product_cat?post=4784"},{"taxonomy":"product_tag","embeddable":true,"href":"https:\/\/homebyvm.com\/lt\/wp-json\/wp\/v2\/product_tag?post=4784"}],"curies":[{"name":"wp","href":"https:\/\/api.w.org\/{rel}","templated":true}]}}