{"id":4800,"date":"2023-12-06T21:08:48","date_gmt":"2023-12-06T21:08:48","guid":{"rendered":"https:\/\/homebyvm.com\/produktas\/pufa-pilka-nozna-l-outdoor-mix\/"},"modified":"2024-12-23T13:30:27","modified_gmt":"2024-12-23T13:30:27","slug":"pufa-pilka-nozna-l-outdoor-mix","status":"publish","type":"product","link":"https:\/\/homebyvm.com\/lt\/produktas\/pufa-pilka-nozna-l-outdoor-mix\/","title":{"rendered":"Futbolo pufikas L Lauko mi\u0161inys"},"content":{"rendered":"<p>\"Football Puff L\" lauko mi\u0161inys puikiai tiks jaunojo futbolo gerb\u0117jo kambariui.<br \/>\nStilingas baldas puikiai atrodo kambaryje, o d\u0117l vandeniui atsparios med\u017eiagos puikiai tinka poilsiui lauke. Vir\u0161utinis poliesterio u\u017evalkalas ir vidaus u\u017epildas i\u0161 polistireno granuli\u0173 u\u017etikrina labai auk\u0161t\u0105 komforto lyg\u012f s\u0117dint. Granuliato u\u017epildas prisitaiko prie k\u016bno formos, tod\u0117l padid\u0117ja poilsio ant pufo patogumas. L dyd\u017eio versija idealiai tinka net ir auk\u0161tesniems \u017emon\u0117ms. Jei norite i\u0161skirtinai \u012frengti vaiko kambar\u012f, verta atkreipti d\u0117mes\u012f \u012f \u012fdomaus dizaino baldus. Jie gali pakeisti interjer\u0105 ir padaryti j\u012f daug gra\u017eesn\u012f.\u00a0<br \/>\nMed\u017eiagos savyb\u0117s<\/p>","protected":false},"excerpt":{"rendered":"<p>Pufa Pi\u0142ka No\u017cna L Outdoor Mix idealnie sprawdzi si\u0119 w pokoju m\u0142odego fana pi\u0142ki no\u017cnej. Stylowy mebel \u015bwietnie prezentuje si\u0119 w pokoju oraz jest \u015bwietnym miejscem do relaksu na zewn\u0105trz dzi\u0119ki materia\u0142owi wodoodpornemu. Wykonanie wierzchniego pokrycia z poliestru oraz wype\u0142nienie wn\u0119trza granulatem styropianowym zapewnia bardzo wysok\u0105 wygod\u0119 podczas siedzenia. Granulat wype\u0142niaj\u0105cy mebel dopasowuje si\u0119 do [&hellip;]<\/p>\n","protected":false},"featured_media":4801,"comment_status":"closed","ping_status":"open","template":"","meta":{"_kad_blocks_custom_css":"","_kad_blocks_head_custom_js":"","_kad_blocks_body_custom_js":"","_kad_blocks_footer_custom_js":""},"product_brand":[],"product_cat":[28,29],"product_tag":[],"class_list":{"0":"post-4800","1":"product","2":"type-product","3":"status-publish","4":"has-post-thumbnail","6":"product_cat-pufy","7":"product_cat-pufy-pilki","8":"wcpa_has_options","10":"first","11":"instock","12":"purchasable","13":"product-type-simple"},"taxonomy_info":{"product_cat":[{"value":28,"label":"Pufy"},{"value":29,"label":"Pufy Pi\u0142ki"}]},"featured_image_src_large":["https:\/\/homebyvm.com\/wp-content\/uploads\/2023\/12\/export-9-1024x1024.jpg",1024,1024,true],"author_info":[],"comment_info":0,"_links":{"self":[{"href":"https:\/\/homebyvm.com\/lt\/wp-json\/wp\/v2\/product\/4800","targetHints":{"allow":["GET"]}}],"collection":[{"href":"https:\/\/homebyvm.com\/lt\/wp-json\/wp\/v2\/product"}],"about":[{"href":"https:\/\/homebyvm.com\/lt\/wp-json\/wp\/v2\/types\/product"}],"replies":[{"embeddable":true,"href":"https:\/\/homebyvm.com\/lt\/wp-json\/wp\/v2\/comments?post=4800"}],"wp:featuredmedia":[{"embeddable":true,"href":"https:\/\/homebyvm.com\/lt\/wp-json\/wp\/v2\/media\/4801"}],"wp:attachment":[{"href":"https:\/\/homebyvm.com\/lt\/wp-json\/wp\/v2\/media?parent=4800"}],"wp:term":[{"taxonomy":"product_brand","embeddable":true,"href":"https:\/\/homebyvm.com\/lt\/wp-json\/wp\/v2\/product_brand?post=4800"},{"taxonomy":"product_cat","embeddable":true,"href":"https:\/\/homebyvm.com\/lt\/wp-json\/wp\/v2\/product_cat?post=4800"},{"taxonomy":"product_tag","embeddable":true,"href":"https:\/\/homebyvm.com\/lt\/wp-json\/wp\/v2\/product_tag?post=4800"}],"curies":[{"name":"wp","href":"https:\/\/api.w.org\/{rel}","templated":true}]}}