{"id":4821,"date":"2024-02-26T12:26:11","date_gmt":"2024-02-26T12:26:11","guid":{"rendered":"https:\/\/homebyvm.com\/produktas\/pufa-roller-modern-plusz\/"},"modified":"2024-02-26T12:26:12","modified_gmt":"2024-02-26T12:26:12","slug":"pufa-roller-modern-plusz","status":"publish","type":"product","link":"https:\/\/homebyvm.com\/lt\/produktas\/pufa-roller-modern-plusz\/","title":{"rendered":"Ritin\u0117lis Modern Plush"},"content":{"rendered":"<p>Ritin\u0117lis Modern Plush<br \/>\nFormos paprastumas, \u012fdomus ra\u0161tas ir patogi s\u0117dyn\u0117 - taip, tai \"Roller Modern Plush\" pufas! Sukurtas auk\u0161tiems suolams ir stalams, jis puikiai tinka skandinavi\u0161ko ir minimalistinio stiliaus butams. Modern DG pliu\u0161inis audinys, naudojamas apmu\u0161alams, yra malonus liesti ir saugus alergi\u0161kiems \u017emon\u0117ms. D\u0117l mading\u0173 motyv\u0173, pavyzd\u017eiui, med\u017eio \u017eiev\u0117s, pufas taip pat tampa puikia dovana.<br \/>\n\"Roller Modern Plush\" pufas u\u017epildytas formuotu putplas\u010dio apmu\u0161alu, tod\u0117l j\u012f galima naudoti ir kaip mading\u0105 puf\u0105, ir kaip stal\u0105. Vaikai gali \u017eaisti ant jo d\u0117liodami kalad\u0117les ir ma\u017eus \u017eaislus. Puikiai tinka ne tik valgomajame, biure ar svetain\u0117je, bet ir vaik\u0173 kambaryje! Roller Modern Plush pufas yra stabilus ir patvarus, o d\u0117l savo formos paprastumo lengvai \u012fsilieja \u012f j\u016bs\u0173 gyvenam\u0105j\u0105 erdv\u0119. Be to, jis yra lengvas ir gali b\u016bti perstatomas pagal pageidavim\u0105. Jis yra pakankamai auk\u0161tas, tod\u0117l atsistoti nuo jo n\u0117ra problema, kaip su tradiciniais pufais.<br \/>\nMed\u017eiagos savyb\u0117s<\/p>","protected":false},"excerpt":{"rendered":"<p>Pufa Roller Modern Plusz Prostota formy, interesuj\u0105cy print i wygodne siedzisko &#8211; tak, to Pufa Roller Modern Plusz! Przeznaczona do wysokich \u0142aw i sto\u0142\u00f3w, \u015bwietnie sprawdzi si\u0119 w mieszkaniach w stylu skandynawskim i urz\u0105dzonych minimalistycznie. Nowoczesna tkanina plusz modern DG u\u017cyta na obicie jest mi\u0142a w dotyku i bezpieczna dla alergik\u00f3w. Zastosowanie modnych motyw\u00f3w, takich [&hellip;]<\/p>\n","protected":false},"featured_media":1245,"comment_status":"closed","ping_status":"open","template":"","meta":{"_kad_blocks_custom_css":"","_kad_blocks_head_custom_js":"","_kad_blocks_body_custom_js":"","_kad_blocks_footer_custom_js":""},"product_brand":[],"product_cat":[28],"product_tag":[],"class_list":{"0":"post-4821","1":"product","2":"type-product","3":"status-publish","4":"has-post-thumbnail","6":"product_cat-pufy","7":"wcpa_has_options","9":"first","10":"outofstock","11":"purchasable","12":"product-type-simple"},"taxonomy_info":{"product_cat":[{"value":28,"label":"Pufy"}]},"featured_image_src_large":["https:\/\/homebyvm.com\/wp-content\/uploads\/2023\/05\/export-359-1024x1024.jpg",1024,1024,true],"author_info":[],"comment_info":0,"_links":{"self":[{"href":"https:\/\/homebyvm.com\/lt\/wp-json\/wp\/v2\/product\/4821","targetHints":{"allow":["GET"]}}],"collection":[{"href":"https:\/\/homebyvm.com\/lt\/wp-json\/wp\/v2\/product"}],"about":[{"href":"https:\/\/homebyvm.com\/lt\/wp-json\/wp\/v2\/types\/product"}],"replies":[{"embeddable":true,"href":"https:\/\/homebyvm.com\/lt\/wp-json\/wp\/v2\/comments?post=4821"}],"wp:featuredmedia":[{"embeddable":true,"href":"https:\/\/homebyvm.com\/lt\/wp-json\/wp\/v2\/media\/1245"}],"wp:attachment":[{"href":"https:\/\/homebyvm.com\/lt\/wp-json\/wp\/v2\/media?parent=4821"}],"wp:term":[{"taxonomy":"product_brand","embeddable":true,"href":"https:\/\/homebyvm.com\/lt\/wp-json\/wp\/v2\/product_brand?post=4821"},{"taxonomy":"product_cat","embeddable":true,"href":"https:\/\/homebyvm.com\/lt\/wp-json\/wp\/v2\/product_cat?post=4821"},{"taxonomy":"product_tag","embeddable":true,"href":"https:\/\/homebyvm.com\/lt\/wp-json\/wp\/v2\/product_tag?post=4821"}],"curies":[{"name":"wp","href":"https:\/\/api.w.org\/{rel}","templated":true}]}}