{"id":4830,"date":"2024-02-26T12:26:47","date_gmt":"2024-02-26T12:26:47","guid":{"rendered":"https:\/\/homebyvm.com\/produktas\/poducha-milano-amore-gratis\/"},"modified":"2024-12-23T13:32:32","modified_gmt":"2024-12-23T13:32:32","slug":"poducha-milano-amore-gratis","status":"publish","type":"product","link":"https:\/\/homebyvm.com\/lt\/produktas\/poducha-milano-amore-gratis\/","title":{"rendered":"Milano Amore pagalv\u0117l\u0117 + nemokamai"},"content":{"rendered":"<p>Nemokamas atsitiktin\u0117s spalvos kruasanas.Milano Amore pagalv\u0117l\u0117<br \/>\n\"Milano Amore\" pagalv\u0117l\u0117 - tai aksesuaras, kuris d\u0117l savo dyd\u017eio ir formos suderina fotelio ir pagalv\u0117l\u0117s savybes. Kaip buvo pagaminta m\u016bs\u0173 pagalv\u0117l\u0117? Viduje n\u0117ra standaus karkaso - j\u012f pakei\u010dia patvarios polistireno granul\u0117s, kurios u\u017epildo vis\u0105 vid\u0173. B\u016btent jis suteikia pufui nepaprasto atsparumo ir leid\u017eia j\u012f lengvai formuoti.<\/p>\n<p>J\u012f galime naudoti taip, kaip norime, pavyzd\u017eiui, mokytis, atsipalaiduoti, \u017ei\u016br\u0117ti televizori\u0173 ar \u017eaisti pulteliu. Be to, pagalv\u0117l\u0117 viduje turi vidin\u012f u\u017evalkal\u0105, kad gal\u0117tume j\u0105 skalbti. Amore pliu\u0161in\u0117 med\u017eiaga yra mink\u0161ta liesti, tod\u0117l pagerina poilsio komfort\u0105. Tai modelis, kuris puikiai tiks net ir ma\u017eose patalpose. Jis puikiai atrodys svetain\u0117je arba vaik\u0173 kambaryje.<br \/>\nJis nealergizuoja ir yra patvirtintas PZH.<br \/>\nD\u0117l unikalaus \u0161ios pagalv\u0117l\u0117s u\u017epildo galite lengvai suformuoti norim\u0105 form\u0105. \u0160i savyb\u0117 taip pat rei\u0161kia, kad \u0161\u012f unikal\u0173 interjero aksesuar\u0105 gali s\u0117kmingai naudoti ir suaugusieji, ir vaikai. Milano Amore pagalv\u0117l\u0119 pas mus galite \u012fsigyti net keli\u0173, itin mading\u0173 ir populiari\u0173 spalv\u0173, tinkan\u010di\u0173 \u012fvairioms erdv\u0117ms. Galite rinktis ugningai raudon\u0105 arba sant\u016bresnio atspalvio variant\u0105. Ar dekoruojate gana didel\u012f kambar\u012f? Tuomet niekas jums netrukdo prid\u0117ti kelias pagalv\u0117les. Ypa\u010d jei kalbate apie tok\u012f interjer\u0105 kaip svetain\u0117, kuriuo kasdien naudojasi visi nam\u0173 \u016bkio nariai. U\u017epildui naudojamas granuliatas yra labai patvarus, tod\u0117l nereikia baimintis, kad intensyvus \u0161ios pagalv\u0117l\u0117s naudojimas j\u0105 sugadins. Prie\u0161ingai, ji tikrai bus puikiai tarnaujantis modelis labai ilg\u0105 laik\u0105. Komplekte esantis u\u017evalkalas yra nuimamas, tod\u0117l prireikus j\u012f galima greitai i\u0161valyti ir v\u0117l u\u017ed\u0117ti ant pagalv\u0117s.<br \/>\nMed\u017eiagos savyb\u0117s<\/p>","protected":false},"excerpt":{"rendered":"<p>Rogal gratis w losowym kolorze.Poducha Milano Amore Poducha Milano Amore to dodatek, kt\u00f3ry \u0142\u0105czy w sobie cechy fotela i poduchy, a to za spraw\u0105 jej rozmiaru i kszta\u0142tu. Jak zosta\u0142a wykonana nasza poducha? W \u015brodku nie ma sztywnego stela\u017ca &#8211; zast\u0119puje go trwa\u0142y, styropianowy granulat, kt\u00f3ry wype\u0142nia ca\u0142e wn\u0119trze. To on nadaje pufie niezwyk\u0142ej spr\u0119\u017cysto\u015bci [&hellip;]<\/p>\n","protected":false},"featured_media":1625,"comment_status":"closed","ping_status":"open","template":"","meta":{"_kad_blocks_custom_css":"","_kad_blocks_head_custom_js":"","_kad_blocks_body_custom_js":"","_kad_blocks_footer_custom_js":""},"product_brand":[],"product_cat":[33],"product_tag":[],"class_list":{"0":"post-4830","1":"product","2":"type-product","3":"status-publish","4":"has-post-thumbnail","6":"product_cat-poduchy","7":"wcpa_has_options","9":"first","10":"instock","11":"purchasable","12":"product-type-simple"},"taxonomy_info":{"product_cat":[{"value":33,"label":"Poduchy"}]},"featured_image_src_large":["https:\/\/homebyvm.com\/wp-content\/uploads\/2023\/05\/export-739-1024x1024.jpg",1024,1024,true],"author_info":[],"comment_info":0,"_links":{"self":[{"href":"https:\/\/homebyvm.com\/lt\/wp-json\/wp\/v2\/product\/4830","targetHints":{"allow":["GET"]}}],"collection":[{"href":"https:\/\/homebyvm.com\/lt\/wp-json\/wp\/v2\/product"}],"about":[{"href":"https:\/\/homebyvm.com\/lt\/wp-json\/wp\/v2\/types\/product"}],"replies":[{"embeddable":true,"href":"https:\/\/homebyvm.com\/lt\/wp-json\/wp\/v2\/comments?post=4830"}],"wp:featuredmedia":[{"embeddable":true,"href":"https:\/\/homebyvm.com\/lt\/wp-json\/wp\/v2\/media\/1625"}],"wp:attachment":[{"href":"https:\/\/homebyvm.com\/lt\/wp-json\/wp\/v2\/media?parent=4830"}],"wp:term":[{"taxonomy":"product_brand","embeddable":true,"href":"https:\/\/homebyvm.com\/lt\/wp-json\/wp\/v2\/product_brand?post=4830"},{"taxonomy":"product_cat","embeddable":true,"href":"https:\/\/homebyvm.com\/lt\/wp-json\/wp\/v2\/product_cat?post=4830"},{"taxonomy":"product_tag","embeddable":true,"href":"https:\/\/homebyvm.com\/lt\/wp-json\/wp\/v2\/product_tag?post=4830"}],"curies":[{"name":"wp","href":"https:\/\/api.w.org\/{rel}","templated":true}]}}