{"id":4849,"date":"2024-03-06T20:40:20","date_gmt":"2024-03-06T20:40:20","guid":{"rendered":"https:\/\/homebyvm.com\/produktas\/fotel-oscar-modern-2\/"},"modified":"2024-04-24T19:15:25","modified_gmt":"2024-04-24T19:15:25","slug":"fotel-oscar-modern-2","status":"publish","type":"product","link":"https:\/\/homebyvm.com\/lt\/produktas\/fotel-oscar-modern-2\/","title":{"rendered":"Modernus fotelis \"Oscar"},"content":{"rendered":"<p>Modernus fotelis \"Oscar<br \/>\nTai puikus pasirinkimas energingiems paaugliams, kurie, kaip \u017einome, nuolat juda. Pufas pagamintas i\u0161 labai patvarios med\u017eiagos, kuri yra atspari samanoms, p\u016bkams ir trin\u010diai. Tod\u0117l jis puikiai atrodys net ir po ilgo naudojimo laikotarpio bei labai judraus ir nerimastingo naudotojo! D\u0117l auk\u0161tos med\u017eiag\u0173 kokyb\u0117s ir atsparumo dilimui m\u016bs\u0173 gaminiai yra ne tik ekonomi\u0161ki, bet ir ekologi\u0161ki. Jie daugel\u012f met\u0173 i\u0161laiko puiki\u0105 b\u016bkl\u0119, tod\u0117l jums nereik\u0117s r\u016bpintis, kad kas kelis m\u0117nesius tekt\u0173 i\u0161mesti ir pirkti naujus pufus. M\u016bs\u0173 pufai liks su jumis ilgiau.<br \/>\nM\u016bs\u0173 pasi\u016blyme rasite \u0161io fotelio modelio net keliolika spalving\u0173 ra\u0161t\u0173. Dry\u017euoti modeliai puikiai tinka moderniam interjerui, o paauglio kambariui rinkit\u0117s labiau pa\u0161\u0117lusius ra\u0161tus, kuri\u0173 taip pat yra m\u016bs\u0173 pasi\u016bloje. Jei ie\u0161kote pufo ma\u017eesnio vaiko kambariui, rinkit\u0117s mielo \u0161uniuko arba spalvingo drugelio ra\u0161t\u0105. Tikrai rasite dizain\u0105, kuris patiks j\u016bs\u0173 vaikui!<br \/>\nMed\u017eiagos savyb\u0117s<\/p>","protected":false},"excerpt":{"rendered":"<p>Fotel Oscar Modern Jest doskona\u0142ym wyborem dla pe\u0142nych energii nastolatk\u00f3w, kt\u00f3rzy jak wiadomo s\u0105 w ci\u0105g\u0142ym ruchu. Pufa zosta\u0142a wykonana z bardzo trwa\u0142ego materia\u0142u, kt\u00f3ry jest odporny na mechacenie, pilling i \u015bcieranie. Dzi\u0119ki temu b\u0119dzie \u015bwietnie wygl\u0105da\u0107 nawet po d\u0142ugim czasie u\u017cytkowania i to przez bardzo ruchliwego i wierc\u0105cego si\u0119 u\u017cytkownika! Wysoka jako\u015b\u0107 materia\u0142\u00f3w i [&hellip;]<\/p>\n","protected":false},"featured_media":4850,"comment_status":"closed","ping_status":"open","template":"","meta":{"_kad_blocks_custom_css":"","_kad_blocks_head_custom_js":"","_kad_blocks_body_custom_js":"","_kad_blocks_footer_custom_js":""},"product_brand":[],"product_cat":[28,31],"product_tag":[],"class_list":{"0":"post-4849","1":"product","2":"type-product","3":"status-publish","4":"has-post-thumbnail","6":"product_cat-pufy","7":"product_cat-pufy-na-zewnatrz","8":"wcpa_has_options","10":"first","11":"outofstock","12":"purchasable","13":"product-type-simple"},"taxonomy_info":{"product_cat":[{"value":28,"label":"Pufy"},{"value":31,"label":"Pufy na zewn\u0105trz"}]},"featured_image_src_large":["https:\/\/homebyvm.com\/wp-content\/uploads\/2024\/03\/export-9-1024x1024.jpg",1024,1024,true],"author_info":[],"comment_info":0,"_links":{"self":[{"href":"https:\/\/homebyvm.com\/lt\/wp-json\/wp\/v2\/product\/4849","targetHints":{"allow":["GET"]}}],"collection":[{"href":"https:\/\/homebyvm.com\/lt\/wp-json\/wp\/v2\/product"}],"about":[{"href":"https:\/\/homebyvm.com\/lt\/wp-json\/wp\/v2\/types\/product"}],"replies":[{"embeddable":true,"href":"https:\/\/homebyvm.com\/lt\/wp-json\/wp\/v2\/comments?post=4849"}],"wp:featuredmedia":[{"embeddable":true,"href":"https:\/\/homebyvm.com\/lt\/wp-json\/wp\/v2\/media\/4850"}],"wp:attachment":[{"href":"https:\/\/homebyvm.com\/lt\/wp-json\/wp\/v2\/media?parent=4849"}],"wp:term":[{"taxonomy":"product_brand","embeddable":true,"href":"https:\/\/homebyvm.com\/lt\/wp-json\/wp\/v2\/product_brand?post=4849"},{"taxonomy":"product_cat","embeddable":true,"href":"https:\/\/homebyvm.com\/lt\/wp-json\/wp\/v2\/product_cat?post=4849"},{"taxonomy":"product_tag","embeddable":true,"href":"https:\/\/homebyvm.com\/lt\/wp-json\/wp\/v2\/product_tag?post=4849"}],"curies":[{"name":"wp","href":"https:\/\/api.w.org\/{rel}","templated":true}]}}