{"id":4895,"date":"2024-03-18T17:34:32","date_gmt":"2024-03-18T17:34:32","guid":{"rendered":"https:\/\/homebyvm.com\/produktas\/fotel-massimo-bukla\/"},"modified":"2024-12-23T13:30:45","modified_gmt":"2024-12-23T13:30:45","slug":"fotel-massimo-bukla","status":"publish","type":"product","link":"https:\/\/homebyvm.com\/lt\/produktas\/fotel-massimo-bukla\/","title":{"rendered":"Massimo Bukla fotelis"},"content":{"rendered":"<p>\"Massimo\" fotelis yra didelis poilsio pufas, kuris s\u0117kmingai pakeis nepatogias ir kietas k\u0117des svetain\u0117je, bet taip pat puikiai tiks prie\u0161kambaryje, vaik\u0173 ar jaunimo kambaryje. Patogus 95 x 95 cm modelis ypa\u010d skirtas auk\u0161tiems \u017emon\u0117ms. Platus pagrindas su ai\u0161kiai i\u0161reik\u0161ta s\u0117dyne ir puikios formos auk\u0161ta atkalte puikiai skatina atsipalaiduoti. Kruop\u0161\u010diai pagamintas fotelis yra puiki puo\u0161mena, kuri \u012fne\u0161 modernumo dvelksm\u0105 \u012f bet kur\u012f interjer\u0105.<br \/>\n\"Massimo\" atpalaiduojamasis fotelis yra lenki\u0161kas gaminys, pagamintas itin kruop\u0161\u010diai i\u0161 geriausios kokyb\u0117s mink\u0161to ir malonaus liesti audinio. Auk\u0161t\u0105 atsipalaidavimo lyg\u012f u\u017etikrina polistireno u\u017epildas, tod\u0117l pristatomas fotelis yra labai patogus ir stabilus, o pufas \u0161velniai apgaubia naudotojo k\u016bn\u0105. Baldas yra keli\u0173 mading\u0173 spalv\u0173, tod\u0117l tikrai rasite jums tinkant\u012f atspalv\u012f. Kad ir kur pastatytum\u0117te Massimo fotel\u012f, jis sukurs labai jauki\u0105 atmosfer\u0105.<\/p>","protected":false},"excerpt":{"rendered":"<p>Fotel Massimo to du\u017ca pufa wypoczynkowa, kt\u00f3ra z powodzeniem zast\u0105pi niewygodne i twarde krzes\u0142a w salonie, ale te\u017c \u015bwietnie sprawdzi si\u0119 w przedpokoju, pokoju dzieci\u0119cym lub m\u0142odzie\u017cowym. Wygodny model o wymiarach 95 x 95 centymetr\u00f3w jest szczeg\u00f3lnie dedykowany wysokim osobom. Szeroka podstawa z wyra\u017anie zarysowanym siedziskiem oraz doskonale wyprofilowane, wysokie oparcie doskonale zach\u0119caj\u0105 do wypoczynku. [&hellip;]<\/p>\n","protected":false},"featured_media":4896,"comment_status":"closed","ping_status":"open","template":"","meta":{"_kad_blocks_custom_css":"","_kad_blocks_head_custom_js":"","_kad_blocks_body_custom_js":"","_kad_blocks_footer_custom_js":""},"product_brand":[],"product_cat":[30],"product_tag":[],"class_list":{"0":"post-4895","1":"product","2":"type-product","3":"status-publish","4":"has-post-thumbnail","6":"product_cat-fotele","7":"wcpa_has_options","9":"first","10":"instock","11":"purchasable","12":"product-type-simple"},"taxonomy_info":{"product_cat":[{"value":30,"label":"Fotele"}]},"featured_image_src_large":["https:\/\/homebyvm.com\/wp-content\/uploads\/2024\/03\/export-46-1024x1024.jpg",1024,1024,true],"author_info":[],"comment_info":0,"_links":{"self":[{"href":"https:\/\/homebyvm.com\/lt\/wp-json\/wp\/v2\/product\/4895","targetHints":{"allow":["GET"]}}],"collection":[{"href":"https:\/\/homebyvm.com\/lt\/wp-json\/wp\/v2\/product"}],"about":[{"href":"https:\/\/homebyvm.com\/lt\/wp-json\/wp\/v2\/types\/product"}],"replies":[{"embeddable":true,"href":"https:\/\/homebyvm.com\/lt\/wp-json\/wp\/v2\/comments?post=4895"}],"wp:featuredmedia":[{"embeddable":true,"href":"https:\/\/homebyvm.com\/lt\/wp-json\/wp\/v2\/media\/4896"}],"wp:attachment":[{"href":"https:\/\/homebyvm.com\/lt\/wp-json\/wp\/v2\/media?parent=4895"}],"wp:term":[{"taxonomy":"product_brand","embeddable":true,"href":"https:\/\/homebyvm.com\/lt\/wp-json\/wp\/v2\/product_brand?post=4895"},{"taxonomy":"product_cat","embeddable":true,"href":"https:\/\/homebyvm.com\/lt\/wp-json\/wp\/v2\/product_cat?post=4895"},{"taxonomy":"product_tag","embeddable":true,"href":"https:\/\/homebyvm.com\/lt\/wp-json\/wp\/v2\/product_tag?post=4895"}],"curies":[{"name":"wp","href":"https:\/\/api.w.org\/{rel}","templated":true}]}}