{"id":4919,"date":"2024-03-18T17:35:58","date_gmt":"2024-03-18T17:35:58","guid":{"rendered":"https:\/\/homebyvm.com\/produktas\/fotel-active-modern-premium\/"},"modified":"2024-12-23T13:32:53","modified_gmt":"2024-12-23T13:32:53","slug":"fotel-active-modern-premium","status":"publish","type":"product","link":"https:\/\/homebyvm.com\/lt\/produktas\/fotel-active-modern-premium\/","title":{"rendered":"\"Active Modern Premium\" fotelis"},"content":{"rendered":"<p>\"Active Modern\" fotelis yra puikus auk\u0161\u010diausios kokyb\u0117s gaminys. Tai speciali\u0173 u\u017eduo\u010di\u0173 pu fa, ant kurio galima s\u0117d\u0117ti, gul\u0117ti ir u\u017eimti bet koki\u0105 kit\u0105 pad\u0117t\u012f. D\u0117l savo lankstumo fotelis d\u0117kingas ne tik judan\u010diam u\u017epildui, bet ir moderniai bei originaliai gamybos technologijai. Tai 90 cm plo\u010dio apvali s\u0117dyn\u0117 su 6 i\u0161ilginiais \u0161oniniais skydais. I\u0161skleistas fotelis gali virsti 130 centimetr\u0173 ilgio \u0161ezlongu.<br \/>\n\u00a0Tai nepakei\u010diamas \u012ftaisas svetain\u0117je, miegamajame ar jaunimo kambaryje. Modernus fotelis \"Active Modern\" pasi\u016btas i\u0161 itin \u0161velnaus liesti audinio, kuris yra auk\u0161tos kokyb\u0117s. Fotelis visi\u0161kai saugus vaikams, taip pat alergi\u0161kiems \u017emon\u0117ms. Dar vienas privalumas - vidinis u\u017evalkalas, d\u0117l kurio j\u012f galima skalbti skalbimo ma\u0161inoje ir atnaujinti, kai tik panor\u0117sime.\u00a0<br \/>\nMed\u017eiagos savyb\u0117s<\/p>","protected":false},"excerpt":{"rendered":"<p>Fotel Active Modern\u00a0 to doskona\u0142y produkt premium. Jest to pu fa\u00a0 do zada\u0144 specjalnych, na kt\u00f3rej mo\u017cna siedzie\u0107, le\u017ce\u0107 i przybiera\u0107 jakiekolwiek inne pozycje. Fotel swoj\u0105 elastyczno\u015b\u0107 zawdzi\u0119cza nie tylko ruchomemu wype\u0142nieniu, ale r\u00f3wnie\u017c nowoczesnej i oryginalnej technologii produkcji. To okr\u0105g\u0142e siedzisko o szeroko\u015bci 90 centymetr\u00f3w oraz 6 pod\u0142u\u017cnych paneli bocznych. Po roz\u0142o\u017ceniu fotel mo\u017ce [&hellip;]<\/p>\n","protected":false},"featured_media":4920,"comment_status":"closed","ping_status":"open","template":"","meta":{"_kad_blocks_custom_css":"","_kad_blocks_head_custom_js":"","_kad_blocks_body_custom_js":"","_kad_blocks_footer_custom_js":""},"product_brand":[],"product_cat":[32,112],"product_tag":[],"class_list":{"0":"post-4919","1":"product","2":"type-product","3":"status-publish","4":"has-post-thumbnail","6":"product_cat-worki-sako","7":"product_cat-worki-sako-dla-dzieci","8":"wcpa_has_options","10":"first","11":"instock","12":"purchasable","13":"product-type-simple"},"taxonomy_info":{"product_cat":[{"value":32,"label":"Worki Sako"},{"value":112,"label":"Worki Sako dla dzieci"}]},"featured_image_src_large":["https:\/\/homebyvm.com\/wp-content\/uploads\/2024\/03\/export-64-1024x1024.jpg",1024,1024,true],"author_info":[],"comment_info":0,"_links":{"self":[{"href":"https:\/\/homebyvm.com\/lt\/wp-json\/wp\/v2\/product\/4919","targetHints":{"allow":["GET"]}}],"collection":[{"href":"https:\/\/homebyvm.com\/lt\/wp-json\/wp\/v2\/product"}],"about":[{"href":"https:\/\/homebyvm.com\/lt\/wp-json\/wp\/v2\/types\/product"}],"replies":[{"embeddable":true,"href":"https:\/\/homebyvm.com\/lt\/wp-json\/wp\/v2\/comments?post=4919"}],"wp:featuredmedia":[{"embeddable":true,"href":"https:\/\/homebyvm.com\/lt\/wp-json\/wp\/v2\/media\/4920"}],"wp:attachment":[{"href":"https:\/\/homebyvm.com\/lt\/wp-json\/wp\/v2\/media?parent=4919"}],"wp:term":[{"taxonomy":"product_brand","embeddable":true,"href":"https:\/\/homebyvm.com\/lt\/wp-json\/wp\/v2\/product_brand?post=4919"},{"taxonomy":"product_cat","embeddable":true,"href":"https:\/\/homebyvm.com\/lt\/wp-json\/wp\/v2\/product_cat?post=4919"},{"taxonomy":"product_tag","embeddable":true,"href":"https:\/\/homebyvm.com\/lt\/wp-json\/wp\/v2\/product_tag?post=4919"}],"curies":[{"name":"wp","href":"https:\/\/api.w.org\/{rel}","templated":true}]}}