{"id":4924,"date":"2024-03-18T17:36:18","date_gmt":"2024-03-18T17:36:18","guid":{"rendered":"https:\/\/homebyvm.com\/produktas\/podnozek-nila-bukla\/"},"modified":"2024-12-23T13:33:04","modified_gmt":"2024-12-23T13:33:04","slug":"podnozek-nila-bukla","status":"publish","type":"product","link":"https:\/\/homebyvm.com\/lt\/produktas\/podnozek-nila-bukla\/","title":{"rendered":"\"Nila Bukla\" p\u0117dkeln\u0117s"},"content":{"rendered":"<p>Nor\u0117tume jums pristatyti savo nauj\u0105 gamin\u012f - i\u0161 buklos med\u017eiagos pagamint\u0105 koj\u0173 pagalv\u0117l\u0119 \"Nila\". J\u0105 galima naudoti ir miegamajame, ir \u017eaidim\u0173 kambaryje, kad vaikai gal\u0117t\u0173 pasiekti reikiam\u0105 auk\u0161t\u012f \u012fvairiems u\u017esi\u0117mimams. Esteti\u0161kas skandinavi\u0161ko stiliaus dizainas dera prie \u012fvairi\u0173 tip\u0173 interjer\u0173 ir suteikia jaukumo.<br \/>\n\"Bukla\" yra kilpin\u0117s strukt\u016bros audinys, mink\u0161tas ir malonus liesti. Tai populiari med\u017eiaga, suteikianti baldams \u0161ilt\u0105 ir jauki\u0105 i\u0161vaizd\u0105. Norint u\u017etikrinti ma\u017eyli\u0173 patogum\u0105 ir saugum\u0105, svarbu pasirinkti mink\u0161t\u0105 ir vaikams tinkam\u0105 audin\u012f. Jis taip pat tinka suaugusiesiems kaip p\u0117dkeln\u0117s. Su \u0161iuo pufu galite patogiai i\u0161tiesti kojas ir atsipalaiduoti.<\/p>","protected":false},"excerpt":{"rendered":"<p>Przedstawiamy Pa\u0144stwu nasz nowy produkt &#8211; podn\u00f3\u017cek Nila z materia\u0142u bukla. Mo\u017ce by\u0107 u\u017cywany zar\u00f3wno w sypialni, jak i w pokoju zabaw, aby pom\u00f3c dzieciom osi\u0105ga\u0107 odpowiedni\u0105 wysoko\u015b\u0107 przy r\u00f3\u017cnych czynno\u015bciach. Jego estetyczny design w stylu skandynawskim pasuje do wielu rodzaj\u00f3w wn\u0119trz i dodaje przytulnego akcentu. Bukla to tkanina o p\u0119telkowej strukturze, kt\u00f3ra jest mi\u0119kka [&hellip;]<\/p>\n","protected":false},"featured_media":4925,"comment_status":"closed","ping_status":"open","template":"","meta":{"_kad_blocks_custom_css":"","_kad_blocks_head_custom_js":"","_kad_blocks_body_custom_js":"","_kad_blocks_footer_custom_js":""},"product_brand":[],"product_cat":[46,114],"product_tag":[],"class_list":{"0":"post-4924","1":"product","2":"type-product","3":"status-publish","4":"has-post-thumbnail","6":"product_cat-dodatki","7":"product_cat-podnozki","8":"wcpa_has_options","10":"first","11":"instock","12":"purchasable","13":"product-type-simple"},"taxonomy_info":{"product_cat":[{"value":46,"label":"Dodatki"},{"value":114,"label":"Podn\u00f3\u017cki"}]},"featured_image_src_large":["https:\/\/homebyvm.com\/wp-content\/uploads\/2024\/03\/export-68-1024x683.jpg",1024,683,true],"author_info":[],"comment_info":0,"_links":{"self":[{"href":"https:\/\/homebyvm.com\/lt\/wp-json\/wp\/v2\/product\/4924","targetHints":{"allow":["GET"]}}],"collection":[{"href":"https:\/\/homebyvm.com\/lt\/wp-json\/wp\/v2\/product"}],"about":[{"href":"https:\/\/homebyvm.com\/lt\/wp-json\/wp\/v2\/types\/product"}],"replies":[{"embeddable":true,"href":"https:\/\/homebyvm.com\/lt\/wp-json\/wp\/v2\/comments?post=4924"}],"wp:featuredmedia":[{"embeddable":true,"href":"https:\/\/homebyvm.com\/lt\/wp-json\/wp\/v2\/media\/4925"}],"wp:attachment":[{"href":"https:\/\/homebyvm.com\/lt\/wp-json\/wp\/v2\/media?parent=4924"}],"wp:term":[{"taxonomy":"product_brand","embeddable":true,"href":"https:\/\/homebyvm.com\/lt\/wp-json\/wp\/v2\/product_brand?post=4924"},{"taxonomy":"product_cat","embeddable":true,"href":"https:\/\/homebyvm.com\/lt\/wp-json\/wp\/v2\/product_cat?post=4924"},{"taxonomy":"product_tag","embeddable":true,"href":"https:\/\/homebyvm.com\/lt\/wp-json\/wp\/v2\/product_tag?post=4924"}],"curies":[{"name":"wp","href":"https:\/\/api.w.org\/{rel}","templated":true}]}}