{"id":4928,"date":"2024-03-18T17:36:18","date_gmt":"2024-03-18T17:36:18","guid":{"rendered":"https:\/\/homebyvm.com\/produktas\/podnozek-nila-vega\/"},"modified":"2024-12-23T13:33:04","modified_gmt":"2024-12-23T13:33:04","slug":"podnozek-nila-vega","status":"publish","type":"product","link":"https:\/\/homebyvm.com\/lt\/produktas\/podnozek-nila-vega\/","title":{"rendered":"\"Nila Vega\" p\u0117dkeln\u0117s"},"content":{"rendered":"<p>Nila granuli\u0173 pripildyta kojin\u0117, sukurta atsi\u017evelgiant \u012f vaikus, pagaminta i\u0161 mink\u0161tos, patogios ir patvarios poliesterio med\u017eiagos. Tokie gaminiai populiar\u016bs d\u0117l savo funkcionalumo ir patogumo.<br \/>\nKojin\u0117s yra lengvos ir lengvai ne\u0161iojamos, tod\u0117l vaikai gali laisvai jomis naudotis. Poliesterio med\u017eiaga da\u017enai naudojama d\u0117l mink\u0161tumo, lengvo valymo ir patvarumo.<\/p>","protected":false},"excerpt":{"rendered":"<p>Podn\u00f3\u017cek Nila wype\u0142niony granulatem, stworzony z my\u015bl\u0105 o dzieciach, wykonany z mi\u0119kkiego, wygodnego i wytrzyma\u0142ego materia\u0142u poliestrowego. Takie produkty s\u0105 popularne ze wzgl\u0119du na swoj\u0105 funkcjonalno\u015b\u0107 i komfort. Podn\u00f3\u017cki s\u0105 lekkie i \u0142atwe do przenoszenia, co umo\u017cliwia dzieciom swobodne korzystanie z nich. Materia\u0142 poliestrowy jest cz\u0119sto u\u017cywany ze wzgl\u0119du na swoj\u0105 mi\u0119kko\u015b\u0107, \u0142atwo\u015b\u0107 w utrzymaniu [&hellip;]<\/p>\n","protected":false},"featured_media":4929,"comment_status":"closed","ping_status":"open","template":"","meta":{"_kad_blocks_custom_css":"","_kad_blocks_head_custom_js":"","_kad_blocks_body_custom_js":"","_kad_blocks_footer_custom_js":""},"product_brand":[],"product_cat":[46,114],"product_tag":[],"class_list":{"0":"post-4928","1":"product","2":"type-product","3":"status-publish","4":"has-post-thumbnail","6":"product_cat-dodatki","7":"product_cat-podnozki","8":"wcpa_has_options","10":"first","11":"instock","12":"purchasable","13":"product-type-simple"},"taxonomy_info":{"product_cat":[{"value":46,"label":"Dodatki"},{"value":114,"label":"Podn\u00f3\u017cki"}]},"featured_image_src_large":["https:\/\/homebyvm.com\/wp-content\/uploads\/2024\/03\/export-71-1024x1024.jpg",1024,1024,true],"author_info":[],"comment_info":0,"_links":{"self":[{"href":"https:\/\/homebyvm.com\/lt\/wp-json\/wp\/v2\/product\/4928","targetHints":{"allow":["GET"]}}],"collection":[{"href":"https:\/\/homebyvm.com\/lt\/wp-json\/wp\/v2\/product"}],"about":[{"href":"https:\/\/homebyvm.com\/lt\/wp-json\/wp\/v2\/types\/product"}],"replies":[{"embeddable":true,"href":"https:\/\/homebyvm.com\/lt\/wp-json\/wp\/v2\/comments?post=4928"}],"wp:featuredmedia":[{"embeddable":true,"href":"https:\/\/homebyvm.com\/lt\/wp-json\/wp\/v2\/media\/4929"}],"wp:attachment":[{"href":"https:\/\/homebyvm.com\/lt\/wp-json\/wp\/v2\/media?parent=4928"}],"wp:term":[{"taxonomy":"product_brand","embeddable":true,"href":"https:\/\/homebyvm.com\/lt\/wp-json\/wp\/v2\/product_brand?post=4928"},{"taxonomy":"product_cat","embeddable":true,"href":"https:\/\/homebyvm.com\/lt\/wp-json\/wp\/v2\/product_cat?post=4928"},{"taxonomy":"product_tag","embeddable":true,"href":"https:\/\/homebyvm.com\/lt\/wp-json\/wp\/v2\/product_tag?post=4928"}],"curies":[{"name":"wp","href":"https:\/\/api.w.org\/{rel}","templated":true}]}}