{"id":5024,"date":"2024-07-29T19:59:06","date_gmt":"2024-07-29T19:59:06","guid":{"rendered":"https:\/\/homebyvm.com\/produktas\/fotel-mini-keiko-atlanta\/"},"modified":"2024-12-23T13:30:46","modified_gmt":"2024-12-23T13:30:46","slug":"fotel-mini-keiko-atlanta","status":"publish","type":"product","link":"https:\/\/homebyvm.com\/lt\/produktas\/fotel-mini-keiko-atlanta\/","title":{"rendered":"Mini \"Keiko Atlanta\" fotelis"},"content":{"rendered":"<p>M\u016bs\u0173 pufas su atlo\u0161u - puikus pasirinkimas tiems, kurie vertina patogum\u0105, ilgaam\u017ei\u0161kum\u0105 ir universalum\u0105 naudojant tiek patalpose, tiek lauke.<br \/>\nProdukto savyb\u0117s:<\/p>\n<p>U\u017epildymo granul\u0117s:<\/p>\n<p>Pufas u\u017epildytas auk\u0161tos kokyb\u0117s granul\u0117mis, kurios puikiai prisitaiko prie k\u016bno formos ir u\u017etikrina maksimal\u0173 komfort\u0105.<\/p>\n<p>Atlo\u0161as:<\/p>\n<p>Ergonomi\u0161kas atlo\u0161as suteikia patogi\u0105 atram\u0105 nugarai, idealiai tinkan\u010di\u0105 ilgam s\u0117d\u0117jimui.<\/p>\n<p>Med\u017eiaga:<\/p>\n<p>Pagaminta i\u0161 patvarios med\u017eiagos, kuri yra atspari vandeniui ir vandeniui. Med\u017eiaga atspari \u012f\u0161ilimui, tod\u0117l puf\u0105 galima naudoti lauke net esant blogam orui.<br \/>\nTvirtos si\u016bl\u0117s padidina pufo patvarum\u0105, apsaugo nuo ply\u0161imo ar mechanini\u0173 pa\u017eeidim\u0173.<\/p>\n<p>Vandeniui atsparus ir nepralaidus vandeniui:<\/p>\n<p>Pufas yra visi\u0161kai atsparus vandeniui, tod\u0117l puikiai tinka naudoti lauke, pavyzd\u017eiui, sode, terasoje ar papl\u016bdimyje.<\/p>\n<p>Lengvas ir ne\u0161iojamas:<\/p>\n<p>D\u0117l lengvos pufo konstrukcijos ir patogios rankenos j\u012f galima lengvai perkelti i\u0161 vienos vietos \u012f kit\u0105.<\/p>\n<p>Atsparumas saul\u0117s spinduliams:<\/p>\n<p>Med\u017eiaga atspari saul\u0117s spinduliams, tod\u0117l pufas neblunka ir i\u0161laiko savo spalvas net ir po ilgo naudojimo lauke.<\/p>\n<p>\u017dem\u0117s spalvos:<\/p>\n<p>Pufas yra \u012fvairi\u0173 \u017eem\u0117s spalv\u0173, kurios harmoningai dera su nat\u016bralia aplinka ir interjeru, suteikdamos jam eleganti\u0161kumo.<\/p>\n<p>Suaugusiesiems ir vaikams:<\/p>\n<p>Pufas tinka ir suaugusiesiems, ir vaikams, tod\u0117l juo gali naudotis visa \u0161eima.<\/p>\n<p>M\u016bs\u0173 pufas su atlo\u0161u yra ne tik stilingas, bet ir prakti\u0161kas bet kokio interjero ir sodo priedas. Jis puikiai tiks atsipalaidavimui, susitikimams su draugais ar \u0161eimos linksmyb\u0117ms. Rinkit\u0117s komfort\u0105 ir kokyb\u0119, kuri tarnaus ilgus metus!<br \/>\n\u00a0 \u00a0 \u00a0 \u00a0 \u00a0<\/p>","protected":false},"excerpt":{"rendered":"<p>Nasza pufa z oparciem to doskona\u0142y wyb\u00f3r dla tych, kt\u00f3rzy ceni\u0105 sobie komfort, trwa\u0142o\u015b\u0107 oraz wszechstronno\u015b\u0107 u\u017cytkowania zar\u00f3wno w pomieszczeniach, jak i na zewn\u0105trz. Cechy produktu: Granulat wype\u0142niaj\u0105cy: Pufa wype\u0142niona jest wysokiej jako\u015bci granulatem, kt\u00f3ry zapewnia doskona\u0142e dopasowanie do kszta\u0142tu cia\u0142a, gwarantuj\u0105c maksymalny komfort. Oparcie: Ergonomiczne oparcie zapewnia wygodne wsparcie dla plec\u00f3w, idealne do d\u0142ugotrwa\u0142ego [&hellip;]<\/p>\n","protected":false},"featured_media":5025,"comment_status":"closed","ping_status":"open","template":"","meta":{"_kad_blocks_custom_css":"","_kad_blocks_head_custom_js":"","_kad_blocks_body_custom_js":"","_kad_blocks_footer_custom_js":""},"product_brand":[],"product_cat":[30],"product_tag":[],"class_list":{"0":"post-5024","1":"product","2":"type-product","3":"status-publish","4":"has-post-thumbnail","6":"product_cat-fotele","7":"wcpa_has_options","9":"first","10":"instock","11":"purchasable","12":"product-type-simple"},"taxonomy_info":{"product_cat":[{"value":30,"label":"Fotele"}]},"featured_image_src_large":["https:\/\/homebyvm.com\/wp-content\/uploads\/2024\/07\/export-36-1024x1024.jpg",1024,1024,true],"author_info":[],"comment_info":0,"_links":{"self":[{"href":"https:\/\/homebyvm.com\/lt\/wp-json\/wp\/v2\/product\/5024","targetHints":{"allow":["GET"]}}],"collection":[{"href":"https:\/\/homebyvm.com\/lt\/wp-json\/wp\/v2\/product"}],"about":[{"href":"https:\/\/homebyvm.com\/lt\/wp-json\/wp\/v2\/types\/product"}],"replies":[{"embeddable":true,"href":"https:\/\/homebyvm.com\/lt\/wp-json\/wp\/v2\/comments?post=5024"}],"wp:featuredmedia":[{"embeddable":true,"href":"https:\/\/homebyvm.com\/lt\/wp-json\/wp\/v2\/media\/5025"}],"wp:attachment":[{"href":"https:\/\/homebyvm.com\/lt\/wp-json\/wp\/v2\/media?parent=5024"}],"wp:term":[{"taxonomy":"product_brand","embeddable":true,"href":"https:\/\/homebyvm.com\/lt\/wp-json\/wp\/v2\/product_brand?post=5024"},{"taxonomy":"product_cat","embeddable":true,"href":"https:\/\/homebyvm.com\/lt\/wp-json\/wp\/v2\/product_cat?post=5024"},{"taxonomy":"product_tag","embeddable":true,"href":"https:\/\/homebyvm.com\/lt\/wp-json\/wp\/v2\/product_tag?post=5024"}],"curies":[{"name":"wp","href":"https:\/\/api.w.org\/{rel}","templated":true}]}}