{"id":5037,"date":"2024-07-29T19:59:56","date_gmt":"2024-07-29T19:59:56","guid":{"rendered":"https:\/\/homebyvm.com\/produktas\/fotel-leone-atlanta\/"},"modified":"2024-12-23T13:31:51","modified_gmt":"2024-12-23T13:31:51","slug":"fotel-leone-atlanta","status":"publish","type":"product","link":"https:\/\/homebyvm.com\/lt\/produktas\/fotel-leone-atlanta\/","title":{"rendered":"\"Leone Atlanta\" fotelis"},"content":{"rendered":"<p>\"Leone Atlanta\" pufas - puikus pasirinkimas tiems, kurie vertina komfort\u0105 ir stili\u0173 tiek namuose, tiek lauke. Toliau pateikiamos pagrindin\u0117s \u0161io pufo savyb\u0117s:<\/p>\n<p>Lounge pouf: idealiai tinka atsipalaiduoti tiek patalpose, tiek lauke.<br \/>\nLengvas: d\u0117l lengvos konstrukcijos j\u012f lengva ne\u0161iotis.<br \/>\nSpyruokliuojan\u010dios granul\u0117s: u\u017epildas suteikia i\u0161skirtin\u012f komfort\u0105 ir lankstum\u0105, prisitaiko prie k\u016bno formos.<br \/>\n\u0160velnios spalvos: subtil\u016bs ir nat\u016bral\u016bs atspalviai, puikiai tinkantys \u012fvairioje aplinkoje.<br \/>\nRankena: taip pat pasir\u016bpinome, kad terasos s\u0117dyn\u0117 b\u016bt\u0173 mobili. Atlo\u0161as turi \u012fsi\u016bt\u0105 \u0105sel\u0119, kuri\u0105 lengva perkelti.<br \/>\nKnygoms skaityti: Puikiai tinka atsipalaiduoti su knyga tiek patalpoje, tiek lauke.<br \/>\nAtsparus UV spinduliams: Med\u017eiaga neblunka veikiama saul\u0117s spinduli\u0173, tod\u0117l ilgai i\u0161lieka esteti\u0161ka.<br \/>\nAtsparus vandeniui: idealiai tinka naudoti prie baseino, sode ir lauko renginiuose.<br \/>\nSuaugusiesiems ir vaikams: universali, tinkama \u012fvairaus am\u017eiaus \u017emon\u0117ms.<br \/>\nAuk\u0161\u010diausios kokyb\u0117s med\u017eiaga: Tai garantuoja pufo ilgaam\u017ei\u0161kum\u0105 ir tvirtum\u0105.<br \/>\nDvigubas apsauginis u\u017eraktas: Apsauga nuo atsitiktinio atidarymo ir granuli\u0173 i\u0161siliejimo.<br \/>\nGalvos atrama: suteikia papildom\u0105 komfort\u0105 ir atram\u0105 galvai.<br \/>\nTvirtos si\u016bl\u0117s: patvarios ir tvirtos, u\u017etikrinan\u010dios ilgalaik\u012f naudojim\u0105.<br \/>\nIdealiai tinka atsipalaidavimui: sukurta taip, kad naudotojams b\u016bt\u0173 kuo patogiau ir komforti\u0161kiau.<\/p>\n<p>\"Leone Atlanta\" pufas yra puikus sprendimas tiems, kurie ie\u0161ko funkcionali\u0173 ir esteti\u0161k\u0173 bald\u0173 poilsiui. Idealiai tinka tiek lauko vakar\u0117liams, tiek kasdieniam naudojimui sode ar namuose.<\/p>","protected":false},"excerpt":{"rendered":"<p>Pufa Leone Atlanta to doskona\u0142y wyb\u00f3r dla tych, kt\u00f3rzy ceni\u0105 sobie wygod\u0119 i styl zar\u00f3wno w zaciszu domowym, jak i na \u015bwie\u017cym powietrzu. Poni\u017cej znajduj\u0105 si\u0119 kluczowe cechy tej pufy: Pufa do wypoczynku: Idealna do relaksu zar\u00f3wno wewn\u0105trz, jak i na zewn\u0105trz. Lekko\u015b\u0107: \u0141atwa do przenoszenia dzi\u0119ki swojej lekkiej konstrukcji. Spr\u0119\u017cysty granulat: Wype\u0142nienie zapewnia wyj\u0105tkowy [&hellip;]<\/p>\n","protected":false},"featured_media":5038,"comment_status":"closed","ping_status":"open","template":"","meta":{"_kad_blocks_custom_css":"","_kad_blocks_head_custom_js":"","_kad_blocks_body_custom_js":"","_kad_blocks_footer_custom_js":""},"product_brand":[],"product_cat":[28,31],"product_tag":[],"class_list":{"0":"post-5037","1":"product","2":"type-product","3":"status-publish","4":"has-post-thumbnail","6":"product_cat-pufy","7":"product_cat-pufy-na-zewnatrz","8":"wcpa_has_options","10":"first","11":"instock","12":"purchasable","13":"product-type-simple"},"taxonomy_info":{"product_cat":[{"value":28,"label":"Pufy"},{"value":31,"label":"Pufy na zewn\u0105trz"}]},"featured_image_src_large":["https:\/\/homebyvm.com\/wp-content\/uploads\/2024\/07\/export-46-1024x1024.jpg",1024,1024,true],"author_info":[],"comment_info":0,"_links":{"self":[{"href":"https:\/\/homebyvm.com\/lt\/wp-json\/wp\/v2\/product\/5037","targetHints":{"allow":["GET"]}}],"collection":[{"href":"https:\/\/homebyvm.com\/lt\/wp-json\/wp\/v2\/product"}],"about":[{"href":"https:\/\/homebyvm.com\/lt\/wp-json\/wp\/v2\/types\/product"}],"replies":[{"embeddable":true,"href":"https:\/\/homebyvm.com\/lt\/wp-json\/wp\/v2\/comments?post=5037"}],"wp:featuredmedia":[{"embeddable":true,"href":"https:\/\/homebyvm.com\/lt\/wp-json\/wp\/v2\/media\/5038"}],"wp:attachment":[{"href":"https:\/\/homebyvm.com\/lt\/wp-json\/wp\/v2\/media?parent=5037"}],"wp:term":[{"taxonomy":"product_brand","embeddable":true,"href":"https:\/\/homebyvm.com\/lt\/wp-json\/wp\/v2\/product_brand?post=5037"},{"taxonomy":"product_cat","embeddable":true,"href":"https:\/\/homebyvm.com\/lt\/wp-json\/wp\/v2\/product_cat?post=5037"},{"taxonomy":"product_tag","embeddable":true,"href":"https:\/\/homebyvm.com\/lt\/wp-json\/wp\/v2\/product_tag?post=5037"}],"curies":[{"name":"wp","href":"https:\/\/api.w.org\/{rel}","templated":true}]}}