{"id":5078,"date":"2024-10-11T05:02:22","date_gmt":"2024-10-11T05:02:22","guid":{"rendered":"https:\/\/homebyvm.com\/produktas\/podnozek-nila-geo\/"},"modified":"2024-12-23T13:33:05","modified_gmt":"2024-12-23T13:33:05","slug":"podnozek-nila-geo","status":"publish","type":"product","link":"https:\/\/homebyvm.com\/lt\/produktas\/podnozek-nila-geo\/","title":{"rendered":"\"Nila Geo\" p\u0117dkeln\u0117s"},"content":{"rendered":"<p>\"Nila\" kvadratinis p\u0117dkelnis yra eleganti\u0161kas ir funkcionalus baldas, kuriame stilius dera su patogumu. \u0160tai jo savyb\u0117s:<br \/>\n1. lengvas: d\u0117l granuli\u0173 u\u017epildo pakojis yra lengvas, tod\u0117l j\u012f lengva ne\u0161iotis.<br \/>\n2 Funkcionalumas: j\u012f galima naudoti kaip koj\u0173 atram\u0105 vaikams ir suaugusiesiems, o d\u0117l kamp\u0173 j\u012f lengva ne\u0161iotis.<br \/>\n3. Ilgaam\u017ei\u0161kumas: dvigubas susiuvimas garantuoja ilgaam\u017ei\u0161kum\u0105 net ir intensyviai naudojant.<br \/>\n4 Auk\u0161\u010diausios kokyb\u0117s audinys: D\u0117l UV spinduliams atsparaus audinio pakojis puikiai tinka terasai ir neblunka saul\u0117je.<br \/>\n5 Lengva prie\u017ei\u016bra: med\u017eiag\u0105 galima skalbti skalbimo ma\u0161inoje 30 \u00b0C temperat\u016broje ir lyginti, tod\u0117l j\u0105 lengva i\u0161laikyti \u0161vari\u0105.<br \/>\n6 Stilius: gra\u017e\u016bs rudens ra\u0161tai ir modernus dizainas leid\u017eia p\u0117dkeln\u0117ms puikiai atitikti dabartines tendencijas.<br \/>\n7 Moduliarumas: j\u012f galima derinti su kitais GEO kolekcijos pufais ir sukurti vientis\u0105 ir patraukl\u0173 komplekt\u0105. Kolekcij\u0105 sudaro: \"Cubo Geo\" pufas, \"Dubai\" fotelis su \"Geo\" koj\u0173 atrama ir \"Geo\" pagalv\u0117l\u0117s.<br \/>\nTai modernus ir universalus baldas, idealiai tinkantis tiek patalpose, tiek lauke, suteikiantis patogumo ir elegancijos bet kuriai erdvei.<\/p>","protected":false},"excerpt":{"rendered":"<p>Kwadratowy podn\u00f3\u017cek Nila to elegancki i funkcjonalny mebel, kt\u00f3ry \u0142\u0105czy styl z wygod\u0105. Oto jego charakterystyka: 1. Lekko\u015b\u0107: Dzi\u0119ki wype\u0142nieniu granulatem, podn\u00f3\u017cek jest lekki, co sprawia, \u017ce mo\u017cna go \u0142atwo przenosi\u0107. 2. Funkcjonalno\u015b\u0107: Mo\u017ce s\u0142u\u017cy\u0107 jako podn\u00f3\u017cek dla dzieci i doros\u0142ych, a rogi u\u0142atwiaj\u0105 przenoszenie. 3. Wytrzyma\u0142o\u015b\u0107: Podw\u00f3jne szwy gwarantuj\u0105 trwa\u0142o\u015b\u0107, nawet przy intensywnym u\u017cytkowaniu. [&hellip;]<\/p>\n","protected":false},"featured_media":5079,"comment_status":"closed","ping_status":"open","template":"","meta":{"_kad_blocks_custom_css":"","_kad_blocks_head_custom_js":"","_kad_blocks_body_custom_js":"","_kad_blocks_footer_custom_js":""},"product_brand":[],"product_cat":[46,114],"product_tag":[],"class_list":{"0":"post-5078","1":"product","2":"type-product","3":"status-publish","4":"has-post-thumbnail","6":"product_cat-dodatki","7":"product_cat-podnozki","8":"wcpa_has_options","10":"first","11":"instock","12":"purchasable","13":"product-type-simple"},"taxonomy_info":{"product_cat":[{"value":46,"label":"Dodatki"},{"value":114,"label":"Podn\u00f3\u017cki"}]},"featured_image_src_large":["https:\/\/homebyvm.com\/wp-content\/uploads\/2024\/10\/export-19-1024x1024.jpg",1024,1024,true],"author_info":[],"comment_info":0,"_links":{"self":[{"href":"https:\/\/homebyvm.com\/lt\/wp-json\/wp\/v2\/product\/5078","targetHints":{"allow":["GET"]}}],"collection":[{"href":"https:\/\/homebyvm.com\/lt\/wp-json\/wp\/v2\/product"}],"about":[{"href":"https:\/\/homebyvm.com\/lt\/wp-json\/wp\/v2\/types\/product"}],"replies":[{"embeddable":true,"href":"https:\/\/homebyvm.com\/lt\/wp-json\/wp\/v2\/comments?post=5078"}],"wp:featuredmedia":[{"embeddable":true,"href":"https:\/\/homebyvm.com\/lt\/wp-json\/wp\/v2\/media\/5079"}],"wp:attachment":[{"href":"https:\/\/homebyvm.com\/lt\/wp-json\/wp\/v2\/media?parent=5078"}],"wp:term":[{"taxonomy":"product_brand","embeddable":true,"href":"https:\/\/homebyvm.com\/lt\/wp-json\/wp\/v2\/product_brand?post=5078"},{"taxonomy":"product_cat","embeddable":true,"href":"https:\/\/homebyvm.com\/lt\/wp-json\/wp\/v2\/product_cat?post=5078"},{"taxonomy":"product_tag","embeddable":true,"href":"https:\/\/homebyvm.com\/lt\/wp-json\/wp\/v2\/product_tag?post=5078"}],"curies":[{"name":"wp","href":"https:\/\/api.w.org\/{rel}","templated":true}]}}